{"id":45,"date":"2024-08-14T08:36:05","date_gmt":"2024-08-14T08:36:05","guid":{"rendered":"https:\/\/landingpage.anista.vn\/?page_id=45"},"modified":"2025-02-21T07:04:41","modified_gmt":"2025-02-21T07:04:41","slug":"gioi-thieu","status":"publish","type":"page","link":"https:\/\/landingpage.anista.vn\/?page_id=45","title":{"rendered":"Gi\u1edbi Thi\u1ec7u"},"content":{"rendered":"\n<h2 class=\"wp-block-heading has-text-align-center has-black-color has-text-color has-link-color wp-elements-a997226d79487343c871d271f528343a\" style=\"font-size:32px\">V\u1ec0 CH\u00daNG T\u00d4I<\/h2>\n\n\n\n<div class=\"wp-block-group alignwide is-content-justification-center\" style=\"margin-top:0px;margin-bottom:0px;padding-top:64px;padding-bottom:64px\"><div class=\"wp-block-group__inner-container is-layout-constrained wp-block-group-is-layout-constrained\">\n<div class=\"wp-block-group is-content-justification-left\" style=\"border-radius:5px\"><div class=\"wp-block-group__inner-container is-layout-constrained wp-container-core-group-is-layout-1 wp-block-group-is-layout-constrained\">\n<p class=\"container has-black-color has-text-color has-link-color wp-elements-84071cdd298d9f3404916d929a19efaf\" style=\"font-size:16px\">Ausun Holding ti\u1ec1n th\u00e2n l\u00e0 C\u00f4ng ty Fini Vi\u1ec7t Nam (fini.vn) th\u00e0nh l\u1eadp n\u0103m 2016 v\u1edbi s\u1ee9 m\u1ec7nh \u1ee9ng d\u1ee5ng CNTT \u0111\u1ec3 tri\u1ec3n khai gi\u1ea3i ph\u00e1p s\u00e1ng t\u1ea1o trong gi\u1ea3i quy\u1ebft hi\u1ec7u qu\u1ea3 v\u00e0 tri\u1ec7t \u0111\u1ec3 b\u00e0i to\u00e1n kinh doanh \u0111\u01b0\u1ee3c x\u00e3 h\u1ed9i quan t\u00e2m g\u1ed3m TM\u0110T, th\u1ef1c ph\u1ea9m s\u1ea1ch, logistic, ph\u1ea7n m\u1ec1m qu\u1ea3n tr\u1ecb doanh nghi\u1ec7p \u2026<\/p>\n\n\n\n<p class=\"container has-black-color has-text-color has-link-color wp-elements-43b7fc9b3e660a95c0d6785b0f17d5c7\" style=\"font-size:16px\">Tr\u1ea3i qua h\u00e0nh tr\u00ecnh nhi\u1ec1u n\u0103m t\u00ecm ki\u1ebfm, tuy\u1ec3n ch\u1ecdn hi\u1ec1n t\u00e0i v\u00e0 x\u00e2y d\u1ef1ng \u0111\u1ed9i ng\u0169 nh\u00e2n s\u1ef1 cho c\u00f4ng ty, c\u00f9ng qu\u00e1 tr\u00ecnh kh\u00f4ng ng\u1eebng t\u00edch l\u0169y tr\u00ed l\u1ef1c v\u00e0 t\u00e0i l\u1ef1c, \u0111\u1ed9i ng\u0169 s\u00e1ng l\u1eadp \u0111\u00e3 g\u1eb7t h\u00e1i th\u00e0nh c\u00f4ng ban \u0111\u1ea7u khi k\u1ebft h\u1ee3p h\u00e0i ho\u00e0 3 tr\u1ee5 c\u1ed9t g\u1ed3m kinh doanh, c\u00f4ng ngh\u1ec7, v\u00e0 kh\u1edfi nghi\u1ec7p \u0111\u1ed5i m\u1edbi s\u00e1ng t\u1ea1o.<\/p>\n\n\n\n<p class=\"container has-black-color has-text-color has-link-color wp-elements-03e82c2b53993562861f3f339825c166\" style=\"font-size:16px\">Ausun Holding ra \u0111\u1eddi n\u0103m 2021 nh\u1eb1m \u0111\u1ea9y m\u1ea1nh \u0111\u1ea7u t\u01b0 x\u00e2y d\u1ef1ng V\u0168 TR\u1ee4 S\u1ed0 AUSUN, khai th\u00e1c TH\u00d4NG TIN C\u00d3 GI\u00c1 TR\u1eca v\u00e0 g\u00f3p ph\u1ea7n th\u00fac \u0111\u1ea9y Qu\u1ed1c gia Kh\u1edfi nghi\u1ec7p.<\/p>\n<\/div><\/div>\n\n\n\n<div style=\"height:34px\" aria-hidden=\"true\" class=\"wp-block-spacer\"><\/div>\n<\/div><\/div>\n\n\n\n<div class=\"wp-block-cover alignfull is-light hestia-clear-top-padding\"><span aria-hidden=\"true\" class=\"wp-block-cover__background has-white-background-color has-background-dim-100 has-background-dim\"><\/span><div class=\"wp-block-cover__inner-container is-layout-flow wp-block-cover-is-layout-flow\">\n<div style=\"height:0px\" aria-hidden=\"true\" class=\"wp-block-spacer\"><\/div>\n\n\n\n<div class=\"wp-block-columns container is-layout-flex wp-container-core-columns-is-layout-1 wp-block-columns-is-layout-flex\">\n<div class=\"wp-block-column is-layout-flow wp-block-column-is-layout-flow\">\n<h5 class=\"wp-block-heading has-text-align-left has-black-color has-text-color\" style=\"font-size:26px\">T\u00e2m nh\u00ecn<\/h5>\n\n\n\n<p class=\"has-text-align-left text-justify has-black-color has-text-color\" style=\"font-size:16px\">H\u1ebft n\u0103m 2026, Ausun Holding s\u1ebd \u0111\u1ea7u t\u01b0, h\u1ee3p t\u00e1c v\u00e0 th\u00fac \u0111\u1ea9y 1 tri\u1ec7u c\u00e1 nh\u00e2n, \u0111\u1ed1i t\u00e1c, doanh nghi\u1ec7p th\u00e0nh c\u00f4ng g\u1ea5p \u0111\u00f4i v\u1ec1 m\u1eb7t quy m\u00f4 kinh doanh ho\u1eb7c t\u00e0i ch\u00ednh v\u1edbi V\u0169 tr\u1ee5 s\u1ed1 Ausun.<\/p>\n\n\n\n<div style=\"height:25px\" aria-hidden=\"true\" class=\"wp-block-spacer\"><\/div>\n<\/div>\n\n\n\n<div class=\"wp-block-column is-layout-flow wp-block-column-is-layout-flow\"><div class=\"wp-block-image\">\n<figure class=\"aligncenter size-full\"><img loading=\"lazy\" decoding=\"async\" width=\"658\" height=\"370\" src=\"https:\/\/landingpage.anista.vn\/wp-content\/uploads\/2025\/02\/img-about-1.jpg\" alt=\"\" class=\"wp-image-294\" srcset=\"https:\/\/landingpage.anista.vn\/wp-content\/uploads\/2025\/02\/img-about-1.jpg 658w, https:\/\/landingpage.anista.vn\/wp-content\/uploads\/2025\/02\/img-about-1-300x169.jpg 300w\" sizes=\"auto, (max-width: 658px) 100vw, 658px\" \/><\/figure><\/div>\n\n\n<div style=\"height:25px\" aria-hidden=\"true\" class=\"wp-block-spacer\"><\/div>\n<\/div>\n<\/div>\n\n\n\n<div class=\"wp-block-cover alignfull is-light hestia-clear-top-padding\"><span aria-hidden=\"true\" class=\"wp-block-cover__background has-white-background-color has-background-dim-100 has-background-dim\"><\/span><div class=\"wp-block-cover__inner-container is-layout-flow wp-block-cover-is-layout-flow\">\n<div style=\"height:69px\" aria-hidden=\"true\" class=\"wp-block-spacer\"><\/div>\n\n\n\n<div style=\"height:46px\" aria-hidden=\"true\" class=\"wp-block-spacer\"><\/div>\n\n\n\n<div class=\"wp-block-columns container is-layout-flex wp-container-core-columns-is-layout-2 wp-block-columns-is-layout-flex\">\n<div class=\"wp-block-column is-layout-flow wp-block-column-is-layout-flow\">\n<figure class=\"wp-block-gallery aligncenter has-nested-images columns-default is-cropped wp-block-gallery-1 is-layout-flex wp-block-gallery-is-layout-flex\"><div class=\"wp-block-image\">\n<figure class=\"aligncenter size-full\"><img loading=\"lazy\" decoding=\"async\" width=\"660\" height=\"370\" src=\"https:\/\/landingpage.anista.vn\/wp-content\/uploads\/2025\/02\/img-about-2.jpg\" alt=\"\" class=\"wp-image-327\" srcset=\"https:\/\/landingpage.anista.vn\/wp-content\/uploads\/2025\/02\/img-about-2.jpg 660w, https:\/\/landingpage.anista.vn\/wp-content\/uploads\/2025\/02\/img-about-2-300x168.jpg 300w\" sizes=\"auto, (max-width: 660px) 100vw, 660px\" \/><\/figure><\/div><\/figure>\n\n\n\n<div style=\"height:25px\" aria-hidden=\"true\" class=\"wp-block-spacer\"><\/div>\n<\/div>\n\n\n\n<div class=\"wp-block-column is-layout-flow wp-block-column-is-layout-flow\">\n<h5 class=\"wp-block-heading has-text-align-center has-black-color has-text-color\" style=\"font-size:26px\">S\u1ee9 M\u1ec7nh<\/h5>\n\n\n\n<p class=\"has-text-align-left text-justify has-black-color has-text-color\" style=\"font-size:16px\">X\u00e2y d\u1ef1ng th\u00e0nh c\u00f4ng V\u0169 Tr\u1ee5 S\u1ed1 Ausun bao g\u1ed3m c\u00e1c kh\u00f4ng gian s\u1ed1 v\u1edbi nh\u1eefng th\u00f4ng tin x\u00e1c th\u1ef1c, \u0111\u1ea7y \u0111\u1ee7, gi\u1ed1ng v\u1edbi th\u1ebf gi\u1edbi th\u1ef1c v\u00e0 c\u00f3 gi\u00e1 tr\u1ecb s\u1eed d\u1ee5ng.<br>N\u00e2ng cao hi\u1ec7u qu\u1ea3 l\u00e0m vi\u1ec7c, m\u1edf r\u1ed9ng quy m\u00f4 kinh doanh, v\u00e0 gia t\u0103ng t\u00e0i s\u1ea3n cho th\u00e0nh vi\u00ean.<br><\/p>\n<\/div>\n<\/div>\n<\/div><\/div>\n<\/div><\/div>\n\n\n\n<div class=\"wp-block-cover alignfull is-light hestia-clear-top-padding\"><span aria-hidden=\"true\" class=\"wp-block-cover__background has-white-background-color has-background-dim-100 has-background-dim\"><\/span><div class=\"wp-block-cover__inner-container is-layout-flow wp-block-cover-is-layout-flow\">\n<div style=\"height:0px\" aria-hidden=\"true\" class=\"wp-block-spacer\"><\/div>\n\n\n\n<div style=\"height:101px\" aria-hidden=\"true\" class=\"wp-block-spacer\"><\/div>\n\n\n\n<div class=\"wp-block-cover alignfull is-light hestia-clear-top-padding\"><span aria-hidden=\"true\" class=\"wp-block-cover__background has-white-background-color has-background-dim-100 has-background-dim\"><\/span><div class=\"wp-block-cover__inner-container is-layout-flow wp-block-cover-is-layout-flow\">\n<div style=\"height:0px\" aria-hidden=\"true\" class=\"wp-block-spacer\"><\/div>\n\n\n\n<div class=\"wp-block-columns container is-layout-flex wp-container-core-columns-is-layout-3 wp-block-columns-is-layout-flex\">\n<div class=\"wp-block-column is-layout-flow wp-block-column-is-layout-flow\">\n<h5 class=\"wp-block-heading has-text-align-left has-black-color has-text-color\" style=\"font-size:26px\">Gi\u00e1 Tr\u1ecb C\u1ed1t L\u00f5i<\/h5>\n\n\n\n<p class=\"has-text-align-left text-justify has-black-color has-text-color\" style=\"font-size:16px\">T\u1ef1 ch\u1ee7 &#8211; S\u00e1ng T\u1ea1o &#8211; B\u1ec1n V\u1eefng &#8211; H\u1ec7 Th\u1ed1ng &#8211; H\u1ec7 Sinh Th\u00e1i<br>1. T\u1ef1 ch\u1ee7: l\u00e0m ch\u1ee7 c\u00f4ng vi\u1ec7c l\u00e0 c\u00e1ch t\u1ed1t nh\u1ea5t \u0111\u1ec3 ph\u00e1t huy t\u00e0i n\u0103ng, l\u00f2ng nhi\u1ec7t t\u00ecnh v\u00e0 s\u1ef1 s\u00e1ng t\u1ea1o c\u1ee7a m\u1ed7i ng\u01b0\u1eddi<br>2. S\u00e1ng t\u1ea1o: k\u1ebft n\u1ed1i v\u00e0 \u01b0\u01a1m m\u1ea7m nh\u1eefng \u00fd t\u01b0\u1edfng, khuy\u1ebfn kh\u00edch kh\u00e1t v\u1ecdng \u0111\u1ed5i thay, d\u00e1m ngh\u0129 d\u00e1m l\u00e0m<br>3. B\u1ec1n v\u1eefng: l\u00e0 khi l\u1ee3i \u00edch h\u00e0i h\u00f2a cho x\u00e3 h\u1ed9i, kh\u00e1ch h\u00e0ng, c\u00f4ng ty v\u00e0 m\u1ed7i c\u00e1 nh\u00e2n; l\u00e0 khi t\u1ea1o ra nhi\u1ec1u h\u01a1n ti\u00eau th\u1ee5<br>4. H\u1ec7 th\u1ed1ng: h\u1ec7 th\u1ed1ng c\u00f4ng ngh\u1ec7 th\u00f4ng tin qu\u1ea3n l\u00fd t\u1eadp trung v\u00e0 h\u1ec7 th\u1ed1ng nh\u00e2n s\u1ef1 \u0111\u1ec3 hi\u1ec7p l\u1ef1c h\u1ee3p t\u00e1c l\u00e0m nh\u1eefng c\u00f4ng vi\u1ec7c to l\u1edbn<br>5. H\u1ec7 sinh th\u00e1i: kh\u00f4ng c\u00f3 g\u00ec t\u1ed3n t\u1ea1i bi\u1ec7t l\u1eadp, v\u1ea1n v\u1eadt l\u00e0 k\u1ebft n\u1ed1i, ch\u00fang ta trong V\u0169 Tr\u1ee5 S\u1ed1 Ausun c\u0169ng v\u1eady<\/p>\n\n\n\n<div style=\"height:25px\" aria-hidden=\"true\" class=\"wp-block-spacer\"><\/div>\n<\/div>\n\n\n\n<div class=\"wp-block-column is-layout-flow wp-block-column-is-layout-flow\">\n<div style=\"height:25px\" aria-hidden=\"true\" class=\"wp-block-spacer\"><\/div>\n\n\n<div class=\"wp-block-image\">\n<figure class=\"aligncenter size-full\"><img loading=\"lazy\" decoding=\"async\" width=\"658\" height=\"370\" src=\"https:\/\/landingpage.anista.vn\/wp-content\/uploads\/2025\/02\/img-about-3.jpg\" alt=\"\" class=\"wp-image-321\" srcset=\"https:\/\/landingpage.anista.vn\/wp-content\/uploads\/2025\/02\/img-about-3.jpg 658w, https:\/\/landingpage.anista.vn\/wp-content\/uploads\/2025\/02\/img-about-3-300x169.jpg 300w\" sizes=\"auto, (max-width: 658px) 100vw, 658px\" \/><\/figure><\/div>\n\n\n<div style=\"height:100px\" aria-hidden=\"true\" class=\"wp-block-spacer\"><\/div>\n<\/div>\n<\/div>\n\n\n\n<div style=\"height:24px\" aria-hidden=\"true\" class=\"wp-block-spacer\"><\/div>\n<\/div><\/div>\n\n\n\n<h2 class=\"wp-block-heading has-text-align-center\" style=\"font-size:26px\">\u0110\u1ed8I NG\u0168 NH\u00c2N S\u1ef0<\/h2>\n\n\n\n<div style=\"height:100px\" aria-hidden=\"true\" class=\"wp-block-spacer\"><\/div>\n<\/div><\/div>\n\n\n\n<div class=\"wp-block-cover alignfull is-light hestia-clear-top-padding\"><span aria-hidden=\"true\" class=\"wp-block-cover__background has-white-background-color has-background-dim-100 has-background-dim\"><\/span><div class=\"wp-block-cover__inner-container is-layout-flow wp-block-cover-is-layout-flow\">\n<div class=\"wp-block-columns container is-layout-flex wp-container-core-columns-is-layout-4 wp-block-columns-is-layout-flex\">\n<div class=\"wp-block-column container-avatar is-layout-flow wp-block-column-is-layout-flow\">\n<figure class=\"wp-block-gallery aligncenter has-nested-images columns-default is-cropped wp-block-gallery-2 is-layout-flex wp-block-gallery-is-layout-flex\"><div class=\"wp-block-image img-avatar-member\">\n<figure class=\"aligncenter size-thumbnail\"><img loading=\"lazy\" decoding=\"async\" width=\"150\" height=\"150\" src=\"https:\/\/landingpage.anista.vn\/wp-content\/uploads\/2025\/02\/525b09b66e88aba325e0fcf4eb0e4cd7-3-150x150.png\" alt=\"\" class=\"wp-image-342\" srcset=\"https:\/\/landingpage.anista.vn\/wp-content\/uploads\/2025\/02\/525b09b66e88aba325e0fcf4eb0e4cd7-3-150x150.png 150w, https:\/\/landingpage.anista.vn\/wp-content\/uploads\/2025\/02\/525b09b66e88aba325e0fcf4eb0e4cd7-3-300x300.png 300w, https:\/\/landingpage.anista.vn\/wp-content\/uploads\/2025\/02\/525b09b66e88aba325e0fcf4eb0e4cd7-3-768x768.png 768w, https:\/\/landingpage.anista.vn\/wp-content\/uploads\/2025\/02\/525b09b66e88aba325e0fcf4eb0e4cd7-3.png 900w\" sizes=\"auto, (max-width: 150px) 100vw, 150px\" \/><\/figure><\/div><\/figure>\n\n\n\n<h5 class=\"wp-block-heading has-text-align-center has-black-color has-text-color\" style=\"font-size:18px\">Ph\u1ea1m V\u0103n Ti\u1ebfn<\/h5>\n\n\n\n<p class=\"has-text-align-center has-black-color has-text-color\" style=\"font-size:14px\">CEO<\/p>\n<\/div>\n\n\n\n<div class=\"wp-block-column container-avatar is-layout-flow wp-block-column-is-layout-flow\">\n<figure class=\"wp-block-gallery aligncenter has-nested-images columns-default is-cropped wp-block-gallery-3 is-layout-flex wp-block-gallery-is-layout-flex\"><div class=\"wp-block-image img-avatar-member\">\n<figure class=\"aligncenter size-thumbnail\"><img loading=\"lazy\" decoding=\"async\" width=\"150\" height=\"150\" src=\"https:\/\/landingpage.anista.vn\/wp-content\/uploads\/2025\/02\/525b09b66e88aba325e0fcf4eb0e4cd7-3-150x150.png\" alt=\"\" class=\"wp-image-342\" srcset=\"https:\/\/landingpage.anista.vn\/wp-content\/uploads\/2025\/02\/525b09b66e88aba325e0fcf4eb0e4cd7-3-150x150.png 150w, https:\/\/landingpage.anista.vn\/wp-content\/uploads\/2025\/02\/525b09b66e88aba325e0fcf4eb0e4cd7-3-300x300.png 300w, https:\/\/landingpage.anista.vn\/wp-content\/uploads\/2025\/02\/525b09b66e88aba325e0fcf4eb0e4cd7-3-768x768.png 768w, https:\/\/landingpage.anista.vn\/wp-content\/uploads\/2025\/02\/525b09b66e88aba325e0fcf4eb0e4cd7-3.png 900w\" sizes=\"auto, (max-width: 150px) 100vw, 150px\" \/><\/figure><\/div><\/figure>\n\n\n\n<h5 class=\"wp-block-heading has-text-align-center has-black-color has-text-color\" style=\"font-size:18px\">Ph\u1ea1m V\u0103n Ti\u1ebfn<\/h5>\n\n\n\n<p class=\"has-text-align-center has-black-color has-text-color\" style=\"font-size:14px\">CEO<\/p>\n<\/div>\n\n\n\n<div class=\"wp-block-column container-avatar is-layout-flow wp-block-column-is-layout-flow\">\n<figure class=\"wp-block-gallery aligncenter has-nested-images columns-default is-cropped wp-block-gallery-4 is-layout-flex wp-block-gallery-is-layout-flex\"><div class=\"wp-block-image img-avatar-member\">\n<figure class=\"aligncenter size-thumbnail\"><img loading=\"lazy\" decoding=\"async\" width=\"150\" height=\"150\" src=\"https:\/\/landingpage.anista.vn\/wp-content\/uploads\/2025\/02\/525b09b66e88aba325e0fcf4eb0e4cd7-3-150x150.png\" alt=\"\" class=\"wp-image-342\" srcset=\"https:\/\/landingpage.anista.vn\/wp-content\/uploads\/2025\/02\/525b09b66e88aba325e0fcf4eb0e4cd7-3-150x150.png 150w, https:\/\/landingpage.anista.vn\/wp-content\/uploads\/2025\/02\/525b09b66e88aba325e0fcf4eb0e4cd7-3-300x300.png 300w, https:\/\/landingpage.anista.vn\/wp-content\/uploads\/2025\/02\/525b09b66e88aba325e0fcf4eb0e4cd7-3-768x768.png 768w, https:\/\/landingpage.anista.vn\/wp-content\/uploads\/2025\/02\/525b09b66e88aba325e0fcf4eb0e4cd7-3.png 900w\" sizes=\"auto, (max-width: 150px) 100vw, 150px\" \/><\/figure><\/div><\/figure>\n\n\n\n<h5 class=\"wp-block-heading has-text-align-center has-black-color has-text-color\" style=\"font-size:18px\">Ph\u1ea1m V\u0103n Ti\u1ebfn<\/h5>\n\n\n\n<p class=\"has-text-align-center has-black-color has-text-color\" style=\"font-size:14px\">CEO<\/p>\n<\/div>\n<\/div>\n<\/div><\/div>\n\n\n\n<div class=\"wp-block-columns alignfull has-white-color has-black-background-color has-text-color has-background has-link-color wp-elements-dc89dae519491e2504ff5d1c198c6822 is-layout-flex wp-container-core-columns-is-layout-11 wp-block-columns-is-layout-flex\">\n<div class=\"wp-block-column is-layout-flow wp-block-column-is-layout-flow\">\n<div class=\"wp-block-columns container is-layout-flex wp-container-core-columns-is-layout-5 wp-block-columns-is-layout-flex\">\n<div class=\"wp-block-column is-vertically-aligned-center is-layout-flow wp-block-column-is-layout-flow\" style=\"flex-basis:30%\">\n<figure class=\"wp-block-image size-full\"><img loading=\"lazy\" decoding=\"async\" width=\"180\" height=\"58\" src=\"https:\/\/uat.ausun.vn\/wp-content\/uploads\/2024\/08\/logo-footer.png\" alt=\"\" class=\"wp-image-63\"\/><\/figure>\n\n\n\n<p style=\"font-size:20px\"><strong>C\u00f4ng ty TNHH Ausun Holding<\/strong><\/p>\n<\/div>\n\n\n\n<div class=\"wp-block-column is-vertically-aligned-center is-layout-flow wp-block-column-is-layout-flow\" style=\"flex-basis:40%\">\n<p class=\"has-text-color has-link-color wp-elements-f4185653829d69af657a3d1bd3110975\" style=\"color:#ff9f09;font-size:25px\"><strong>\u0110\u0103ng k\u00fd ngay!<\/strong><\/p>\n\n\n\n<p class=\"has-white-color has-text-color has-link-color wp-elements-8cd6a96aece0b85445c61bf05aa3afde\" style=\"font-size:15px\">\u0110\u1ec3 l\u1ea1i Email \u0111\u1ec3 nh\u1eadn th\u00f4ng tin m\u1edbi nh\u1ea5t t\u1eeb Ausun Holding<\/p>\n<\/div>\n\n\n\n<div class=\"wp-block-column is-vertically-aligned-center is-layout-flow wp-block-column-is-layout-flow\" style=\"flex-basis:30%\">\n<div style=\"display: grid; grid-template-columns: 1fr 0.1fr; align-items: center; height: 100px; border: 1px solid black;\">\n    <div style=\"display: flex;align-items: center;border-radius: 24px;padding: 8px 12px;margin-top: 14px;margin-right: 8px;height: 50px;background: white;box-shadow: 0px 4px 6px rgba(0, 0, 0, 0.1);\">\n        <svg xmlns=\"http:\/\/www.w3.org\/2000\/svg\" width=\"20\" height=\"20\" viewBox=\"0 0 24 24\" fill=\"none\" stroke=\"gray\" stroke-width=\"2\" stroke-linecap=\"round\" stroke-linejoin=\"round\" style=\"margin-right: 8px;\">\n            <path d=\"M4 4h16c1.1 0 2 .9 2 2v12c0 1.1-.9 2-2 2H4c-1.1 0-2-.9-2-2V6c0-1.1.9-2 2-2z\"><\/path>\n            <polyline points=\"22,6 12,13 2,6\"><\/polyline>\n        <\/svg>\n        <input type=\"email\" placeholder=\"Email\" style=\"border: none; outline: none; font-size: 16px; background: transparent; width: 200px;padding-top:14px\">\n    <\/div>\n    <svg width=\"45\" height=\"45\" viewBox=\"0 0 40 40\" fill=\"none\" xmlns=\"http:\/\/www.w3.org\/2000\/svg\">\n<rect width=\"40\" height=\"40\" rx=\"20\" fill=\"#FF9F09\"\/>\n<path d=\"M27.5 20L28.2071 19.2929L28.9142 20L28.2071 20.7071L27.5 20ZM12.5 21C11.9477 21 11.5 20.5523 11.5 20C11.5 19.4477 11.9477 19 12.5 19V21ZM22.2071 13.2929L28.2071 19.2929L26.7929 20.7071L20.7929 14.7071L22.2071 13.2929ZM28.2071 20.7071L22.2071 26.7071L20.7929 25.2929L26.7929 19.2929L28.2071 20.7071ZM27.5 21H12.5V19H27.5V21Z\" fill=\"white\"\/>\n<\/svg>\n\n<\/div>\n<\/div>\n<\/div>\n\n\n\n<div style=\"height:27px;;margin:auto;border-top:1px solid #fff\" aria-hidden=\"true\" class=\"wp-block-spacer container\"><\/div>\n\n\n\n<div class=\"wp-block-columns container is-layout-flex wp-container-core-columns-is-layout-6 wp-block-columns-is-layout-flex\">\n<div class=\"wp-block-column is-layout-flow wp-block-column-is-layout-flow\" style=\"flex-basis:35%\">\n<p style=\"font-size:18px\"><strong>Li\u00ean h\u1ec7<\/strong><\/p>\n\n\n\n<p style=\"font-size:15px\"><strong>Tr\u1ee5 s\u1edf: <\/strong>15 P. H\u00e0 K\u1ebf T\u1ea5n, Ph\u01b0\u01a1ng Li\u1ec7t, Thanh Xu\u00e2n, H\u00e0 N\u1ed9i, Vietnam<\/p>\n\n\n\n<p style=\"font-size:15px\"><strong>Email: <\/strong><a href=\"mailto:ausunholding@gmail.com\">ausunholding@gmail.com<\/a><\/p>\n\n\n\n<p style=\"font-size:15px\"><strong>\u0110i\u1ec7n tho\u1ea1i: <\/strong>0917151357<\/p>\n\n\n\n<p style=\"font-size:15px\"><strong>M\u00e3 s\u1ed1 thu\u1ebf:<\/strong> 0123456789<\/p>\n<\/div>\n\n\n\n<div class=\"wp-block-column is-layout-flow wp-block-column-is-layout-flow\" style=\"flex-basis:20%\">\n<p style=\"font-size:18px\"><strong>Ausun Holding<\/strong><\/p>\n\n\n\n<p style=\"font-size:15px\">V\u1ec1 ch\u00fang t\u00f4i<\/p>\n\n\n\n<p style=\"font-size:15px\">\u0110\u1ed9i ng\u0169<\/p>\n\n\n\n<p style=\"font-size:15px\">\u0110\u1ed1i t\u00e1c<\/p>\n\n\n\n<p style=\"font-size:15px\">Tuy\u1ec3n d\u1ee5ng<\/p>\n\n\n\n<p style=\"font-size:15px\">Tin t\u1ee9c<\/p>\n<\/div>\n\n\n\n<div class=\"wp-block-column is-layout-flow wp-block-column-is-layout-flow\" style=\"flex-basis:20%\">\n<p style=\"font-size:18px\"><strong>H\u1ed7 tr\u1ee3<\/strong><\/p>\n\n\n\n<p style=\"font-size:15px\">Li\u00ean h\u1ec7<\/p>\n\n\n\n<p style=\"font-size:15px\">Gi\u00fap \u0111\u1ee1 v\u00e0 h\u1ed7 tr\u1ee3<\/p>\n\n\n\n<p style=\"font-size:15px\">D\u00e0nh cho \u0111\u1ed1i t\u00e1c<\/p>\n\n\n\n<p style=\"font-size:15px\">C\u00e1c c\u00e2u h\u1ecfi th\u01b0\u1eddng g\u1eb7p<\/p>\n<\/div>\n\n\n\n<div class=\"wp-block-column is-layout-flow wp-block-column-is-layout-flow\" style=\"flex-basis:15%\"><div class=\"wp-block-image\">\n<figure class=\"alignright size-full is-resized\"><img loading=\"lazy\" decoding=\"async\" width=\"176\" height=\"54\" src=\"https:\/\/uat.ausun.vn\/wp-content\/uploads\/2025\/02\/41af95f9ee99b64f99bcebc0edc9e484.png\" alt=\"\" class=\"wp-image-354\" style=\"width:141px;height:auto\"\/><\/figure><\/div><\/div>\n<\/div>\n\n\n\n<div style=\"height:27px;;margin:auto;border-top:1px solid #fff\" aria-hidden=\"true\" class=\"wp-block-spacer container\"><\/div>\n\n\n\n<div class=\"wp-block-columns container is-layout-flex wp-container-core-columns-is-layout-10 wp-block-columns-is-layout-flex\">\n<div class=\"wp-block-column is-layout-flow wp-block-column-is-layout-flow\" style=\"flex-basis:35%\">\n<p class=\"has-text-align-left has-white-color has-text-color\" style=\"font-size:14px\">Copyright \u00a9 2021 Ausun Holding. All Rights Reserved.<\/p>\n<\/div>\n\n\n\n<div class=\"wp-block-column is-layout-flow wp-block-column-is-layout-flow\" style=\"flex-basis:60%\">\n<div class=\"wp-block-columns is-layout-flex wp-container-core-columns-is-layout-9 wp-block-columns-is-layout-flex\">\n<div class=\"wp-block-column is-layout-flow wp-block-column-is-layout-flow\" style=\"flex-basis:66.66%\">\n<div class=\"wp-block-columns is-layout-flex wp-container-core-columns-is-layout-7 wp-block-columns-is-layout-flex\">\n<div class=\"wp-block-column is-vertically-aligned-center is-layout-flow wp-block-column-is-layout-flow\">\n<p class=\"has-white-color has-text-color has-link-color wp-elements-4ae5cf88b9335d982d6a3497ee5538ca\" style=\"font-size:12px\">\u0110i\u1ec1u kho\u1ea3n d\u1ecbch v\u1ee5<\/p>\n<\/div>\n\n\n\n<div class=\"wp-block-column is-vertically-aligned-center is-layout-flow wp-block-column-is-layout-flow\">\n<p class=\"has-white-color has-text-color has-link-color wp-elements-8d4272329a46620cb413653ae0a51896\" style=\"font-size:12px\">Ch\u00ednh s\u00e1ch b\u1ea3o m\u1eadt<\/p>\n<\/div>\n\n\n\n<div class=\"wp-block-column is-vertically-aligned-center is-layout-flow wp-block-column-is-layout-flow\">\n<p class=\"has-white-color has-text-color has-link-color wp-elements-c6ed88f050c77927e0c3445a04968e8c\" style=\"font-size:12px\">Google Data Studio<\/p>\n<\/div>\n<\/div>\n<\/div>\n\n\n\n<div class=\"wp-block-column is-layout-flow wp-block-column-is-layout-flow\" style=\"flex-basis:30%\">\n<div class=\"wp-block-columns container-icon-footer is-layout-flex wp-container-core-columns-is-layout-8 wp-block-columns-is-layout-flex\">\n<div class=\"wp-block-column is-vertically-aligned-top is-layout-flow wp-block-column-is-layout-flow\"><div class=\"wp-block-image img-icon-footer\">\n<figure class=\"aligncenter size-full is-resized\"><img loading=\"lazy\" decoding=\"async\" width=\"35\" height=\"36\" src=\"https:\/\/uat.ausun.vn\/wp-content\/uploads\/2025\/02\/linkin.png\" alt=\"\" class=\"wp-image-1334\" style=\"width:22px\" title=\"\"\/><\/figure><\/div><\/div>\n\n\n\n<div class=\"wp-block-column is-vertically-aligned-top is-layout-flow wp-block-column-is-layout-flow\"><div class=\"wp-block-image\">\n<figure class=\"aligncenter size-full is-resized\"><img loading=\"lazy\" decoding=\"async\" width=\"35\" height=\"36\" src=\"https:\/\/uat.ausun.vn\/wp-content\/uploads\/2025\/02\/fb.png\" alt=\"\" class=\"wp-image-1333\" style=\"width:22px\"\/><\/figure><\/div><\/div>\n\n\n\n<div class=\"wp-block-column is-vertically-aligned-top is-layout-flow wp-block-column-is-layout-flow\"><div class=\"wp-block-image\">\n<figure class=\"aligncenter size-full is-resized\"><img loading=\"lazy\" decoding=\"async\" width=\"35\" height=\"36\" src=\"https:\/\/uat.ausun.vn\/wp-content\/uploads\/2025\/02\/youtube.png\" alt=\"\" class=\"wp-image-1336\" style=\"width:22px\"\/><\/figure><\/div><\/div>\n\n\n\n<div class=\"wp-block-column is-vertically-aligned-top is-layout-flow wp-block-column-is-layout-flow\"><div class=\"wp-block-image\">\n<figure class=\"aligncenter size-full is-resized\"><img loading=\"lazy\" decoding=\"async\" width=\"35\" height=\"36\" src=\"https:\/\/uat.ausun.vn\/wp-content\/uploads\/2025\/02\/tiktok.png\" alt=\"\" class=\"wp-image-1335\" style=\"width:22px\"\/><\/figure><\/div><\/div>\n<\/div>\n<\/div>\n<\/div>\n<\/div>\n<\/div>\n<\/div>\n<\/div>\n","protected":false},"excerpt":{"rendered":"<p>V\u1ec0 CH\u00daNG T\u00d4I Ausun Holding ti\u1ec1n th\u00e2n l\u00e0 C\u00f4ng ty Fini Vi\u1ec7t Nam (fini.vn) th\u00e0nh l\u1eadp n\u0103m 2016 v\u1edbi s\u1ee9 m\u1ec7nh \u1ee9ng d\u1ee5ng CNTT \u0111\u1ec3 tri\u1ec3n khai gi\u1ea3i ph\u00e1p s\u00e1ng t\u1ea1o trong gi\u1ea3i quy\u1ebft hi\u1ec7u qu\u1ea3 v\u00e0 tri\u1ec7t \u0111\u1ec3 b\u00e0i to\u00e1n kinh doanh \u0111\u01b0\u1ee3c x\u00e3 h\u1ed9i quan t\u00e2m g\u1ed3m TM\u0110T, [&hellip;]<\/p>\n","protected":false},"author":1,"featured_media":0,"parent":0,"menu_order":0,"comment_status":"closed","ping_status":"closed","template":"","meta":{"footnotes":""},"class_list":["post-45","page","type-page","status-publish","hentry"],"_links":{"self":[{"href":"https:\/\/landingpage.anista.vn\/index.php?rest_route=\/wp\/v2\/pages\/45","targetHints":{"allow":["GET"]}}],"collection":[{"href":"https:\/\/landingpage.anista.vn\/index.php?rest_route=\/wp\/v2\/pages"}],"about":[{"href":"https:\/\/landingpage.anista.vn\/index.php?rest_route=\/wp\/v2\/types\/page"}],"author":[{"embeddable":true,"href":"https:\/\/landingpage.anista.vn\/index.php?rest_route=\/wp\/v2\/users\/1"}],"replies":[{"embeddable":true,"href":"https:\/\/landingpage.anista.vn\/index.php?rest_route=%2Fwp%2Fv2%2Fcomments&post=45"}],"version-history":[{"count":69,"href":"https:\/\/landingpage.anista.vn\/index.php?rest_route=\/wp\/v2\/pages\/45\/revisions"}],"predecessor-version":[{"id":1978,"href":"https:\/\/landingpage.anista.vn\/index.php?rest_route=\/wp\/v2\/pages\/45\/revisions\/1978"}],"wp:attachment":[{"href":"https:\/\/landingpage.anista.vn\/index.php?rest_route=%2Fwp%2Fv2%2Fmedia&parent=45"}],"curies":[{"name":"wp","href":"https:\/\/api.w.org\/{rel}","templated":true}]}}