{"id":46,"date":"2024-08-14T08:36:05","date_gmt":"2024-08-14T08:36:05","guid":{"rendered":"https:\/\/landingpage.anista.vn\/?page_id=46"},"modified":"2025-02-21T07:06:13","modified_gmt":"2025-02-21T07:06:13","slug":"du-an","status":"publish","type":"page","link":"https:\/\/landingpage.anista.vn\/?page_id=46","title":{"rendered":"D\u1ef1 \u00e1n"},"content":{"rendered":"\n<h2 class=\"wp-block-heading alignwide has-text-align-center has-black-color has-text-color has-link-color wp-elements-690b0f22494ecee356db787fc3f29717\" style=\"font-size:32px\">D\u1ef0 \u00c1N C\u1ee6A CH\u00daNG T\u00d4I<\/h2>\n\n\n\n<div style=\"height:21px\" aria-hidden=\"true\" class=\"wp-block-spacer\"><\/div>\n\n\n\n<p class=\"has-text-align-center container has-black-color has-text-color has-link-color wp-elements-cdbb7626cb3523d040ddf2fe584ec565\" style=\"font-size:16px\">T\u1ea1i Ausun, ch\u00fang t\u00f4i tin t\u01b0\u1edfng v\u00e0o c\u00e1ch ti\u1ebfp c\u1eadn c\u00f3 h\u1ec7 th\u1ed1ng cho b\u1ea5t k\u1ef3 d\u1ef1 \u00e1n n\u00e0o, d\u00f9 ph\u1ee9c t\u1ea1p hay \u0111\u01a1n gi\u1ea3n. Vi\u1ec7c x\u00e2y d\u1ef1ng v\u00e0 tri\u1ec3n khai c\u00e1c d\u1ef1 \u00e1n \u0111\u01b0\u1ee3c th\u1ef1c hi\u1ec7n m\u1ed9t c\u00e1ch nhanh nh\u1ea5t ph\u00f9 h\u1ee3p v\u1edbi nghi\u1ec7p v\u1ee5 c\u1ee7a t\u1eebng m\u00f4 h\u00ecnh kinh doanh t\u1eeb c\u1ed5 \u0111i\u1ec3n t\u1edbi hi\u1ec7n \u0111\u1ea1i, \u0111\u00e1p \u1ee9ng \u0111\u01b0\u1ee3c s\u1ef1 thay \u0111\u1ed5i nhanh ch\u00f3ng c\u1ee7a th\u1ecb tr\u01b0\u1eddng.<\/p>\n\n\n\n<div style=\"height:41px\" aria-hidden=\"true\" class=\"wp-block-spacer\"><\/div>\n\n\n\n<div class=\"wp-block-group\"><div class=\"wp-block-group__inner-container is-layout-constrained wp-block-group-is-layout-constrained\"><ul class=\"wp-block-latest-posts__list is-grid columns-3 alignwide container wp-block-latest-posts\"><li><div class=\"wp-block-latest-posts__featured-image aligncenter\"><a href=\"https:\/\/landingpage.anista.vn\/?p=161\" aria-label=\"Fidy\"><img loading=\"lazy\" decoding=\"async\" width=\"150\" height=\"150\" src=\"https:\/\/landingpage.anista.vn\/wp-content\/uploads\/2025\/02\/1ae27fbf941e5ddb1cafbf38231171c4-150x150.png\" class=\"attachment-thumbnail size-thumbnail wp-post-image\" alt=\"\" style=\"max-width:150px;max-height:150px;\" srcset=\"https:\/\/landingpage.anista.vn\/wp-content\/uploads\/2025\/02\/1ae27fbf941e5ddb1cafbf38231171c4-150x150.png 150w, https:\/\/landingpage.anista.vn\/wp-content\/uploads\/2025\/02\/1ae27fbf941e5ddb1cafbf38231171c4-300x300.png 300w, https:\/\/landingpage.anista.vn\/wp-content\/uploads\/2025\/02\/1ae27fbf941e5ddb1cafbf38231171c4-768x768.png 768w, https:\/\/landingpage.anista.vn\/wp-content\/uploads\/2025\/02\/1ae27fbf941e5ddb1cafbf38231171c4.png 901w\" sizes=\"auto, (max-width: 150px) 100vw, 150px\" \/><\/a><\/div><a class=\"wp-block-latest-posts__post-title\" href=\"https:\/\/landingpage.anista.vn\/?p=161\">Fidy<\/a><div class=\"wp-block-latest-posts__post-excerpt\">Gi\u1edbi thi\u1ec7u v\u1ec1 Fidy: Anista l\u00e0 m\u1ed9t th\u01b0\u01a1ng hi\u1ec7u c\u00f3 doanh s\u1ed1 \u0111\u1ee9ng \u0111\u1ea7u v\u1edbi c\u00e1c th\u01b0\u01a1ng hi\u1ec7u MLB, ADLV t\u1ea1i Vi\u1ec7t Nam trong vi\u1ec7c cung c\u1ea5p s\u1ea3n ph\u1ea9m t\u1edbi c\u00e1c c\u1ed9ng t\u00e1c vi\u00ean. 1000 C\u1ed9ng t\u00e1c vi\u00ean 1000 Ng\u01b0\u1eddi d\u00f9ng 1000 L\u01b0\u1ee3t t\u1ea3i T\u00ednh n\u0103ng \u1ee9ng d\u1ee5ng V\u1edbi nhi\u1ec1u\u2026 <a class=\"wp-block-latest-posts__read-more\" href=\"https:\/\/landingpage.anista.vn\/?p=161\" rel=\"noopener noreferrer\">Read more<span class=\"screen-reader-text\">: Fidy<\/span><\/a><\/div><\/li>\n<li><div class=\"wp-block-latest-posts__featured-image aligncenter\"><a href=\"https:\/\/landingpage.anista.vn\/?p=158\" aria-label=\"Fini\"><img loading=\"lazy\" decoding=\"async\" width=\"150\" height=\"150\" src=\"https:\/\/landingpage.anista.vn\/wp-content\/uploads\/2025\/02\/f991639cfb54ad764ec7931d629c980b-150x150.png\" class=\"attachment-thumbnail size-thumbnail wp-post-image\" alt=\"\" style=\"max-width:150px;max-height:150px;\" srcset=\"https:\/\/landingpage.anista.vn\/wp-content\/uploads\/2025\/02\/f991639cfb54ad764ec7931d629c980b-150x150.png 150w, https:\/\/landingpage.anista.vn\/wp-content\/uploads\/2025\/02\/f991639cfb54ad764ec7931d629c980b-300x300.png 300w, https:\/\/landingpage.anista.vn\/wp-content\/uploads\/2025\/02\/f991639cfb54ad764ec7931d629c980b-768x768.png 768w, https:\/\/landingpage.anista.vn\/wp-content\/uploads\/2025\/02\/f991639cfb54ad764ec7931d629c980b.png 901w\" sizes=\"auto, (max-width: 150px) 100vw, 150px\" \/><\/a><\/div><a class=\"wp-block-latest-posts__post-title\" href=\"https:\/\/landingpage.anista.vn\/?p=158\">Fini<\/a><div class=\"wp-block-latest-posts__post-excerpt\">Gi\u1edbi thi\u1ec7u v\u1ec1 Fini: Anista l\u00e0 m\u1ed9t th\u01b0\u01a1ng hi\u1ec7u c\u00f3 doanh s\u1ed1 \u0111\u1ee9ng \u0111\u1ea7u v\u1edbi c\u00e1c th\u01b0\u01a1ng hi\u1ec7u MLB, ADLV t\u1ea1i Vi\u1ec7t Nam trong vi\u1ec7c cung c\u1ea5p s\u1ea3n ph\u1ea9m t\u1edbi c\u00e1c c\u1ed9ng t\u00e1c vi\u00ean. 1000 C\u1ed9ng t\u00e1c vi\u00ean 1000 Ng\u01b0\u1eddi d\u00f9ng 1000 L\u01b0\u1ee3t t\u1ea3i T\u00ednh n\u0103ng \u1ee9ng d\u1ee5ng V\u1edbi nhi\u1ec1u\u2026 <a class=\"wp-block-latest-posts__read-more\" href=\"https:\/\/landingpage.anista.vn\/?p=158\" rel=\"noopener noreferrer\">Read more<span class=\"screen-reader-text\">: Fini<\/span><\/a><\/div><\/li>\n<li><div class=\"wp-block-latest-posts__featured-image aligncenter\"><a href=\"https:\/\/landingpage.anista.vn\/?p=155\" aria-label=\"Autech\"><img loading=\"lazy\" decoding=\"async\" width=\"150\" height=\"150\" src=\"https:\/\/landingpage.anista.vn\/wp-content\/uploads\/2025\/02\/eeefcf071088bb7c84aacc0eb601ffbc-150x150.png\" class=\"attachment-thumbnail size-thumbnail wp-post-image\" alt=\"\" style=\"max-width:150px;max-height:150px;\" srcset=\"https:\/\/landingpage.anista.vn\/wp-content\/uploads\/2025\/02\/eeefcf071088bb7c84aacc0eb601ffbc-150x150.png 150w, https:\/\/landingpage.anista.vn\/wp-content\/uploads\/2025\/02\/eeefcf071088bb7c84aacc0eb601ffbc-300x300.png 300w, https:\/\/landingpage.anista.vn\/wp-content\/uploads\/2025\/02\/eeefcf071088bb7c84aacc0eb601ffbc-768x768.png 768w, https:\/\/landingpage.anista.vn\/wp-content\/uploads\/2025\/02\/eeefcf071088bb7c84aacc0eb601ffbc.png 901w\" sizes=\"auto, (max-width: 150px) 100vw, 150px\" \/><\/a><\/div><a class=\"wp-block-latest-posts__post-title\" href=\"https:\/\/landingpage.anista.vn\/?p=155\">Autech<\/a><div class=\"wp-block-latest-posts__post-excerpt\">Gi\u1edbi thi\u1ec7u v\u1ec1 Autech: Anista l\u00e0 m\u1ed9t th\u01b0\u01a1ng hi\u1ec7u c\u00f3 doanh s\u1ed1 \u0111\u1ee9ng \u0111\u1ea7u v\u1edbi c\u00e1c th\u01b0\u01a1ng hi\u1ec7u MLB, ADLV t\u1ea1i Vi\u1ec7t Nam trong vi\u1ec7c cung c\u1ea5p s\u1ea3n ph\u1ea9m t\u1edbi c\u00e1c c\u1ed9ng t\u00e1c vi\u00ean. 1000 C\u1ed9ng t\u00e1c vi\u00ean 1000 Ng\u01b0\u1eddi d\u00f9ng 1000 L\u01b0\u1ee3t t\u1ea3i T\u00ednh n\u0103ng \u1ee9ng d\u1ee5ng V\u1edbi nhi\u1ec1u\u2026 <a class=\"wp-block-latest-posts__read-more\" href=\"https:\/\/landingpage.anista.vn\/?p=155\" rel=\"noopener noreferrer\">Read more<span class=\"screen-reader-text\">: Autech<\/span><\/a><\/div><\/li>\n<li><div class=\"wp-block-latest-posts__featured-image aligncenter\"><a href=\"https:\/\/landingpage.anista.vn\/?p=152\" aria-label=\"ANISTA\"><img loading=\"lazy\" decoding=\"async\" width=\"150\" height=\"150\" src=\"https:\/\/landingpage.anista.vn\/wp-content\/uploads\/2025\/02\/51e6f4ca964aa6ec6bd7164cff9e0ef5-150x150.png\" class=\"attachment-thumbnail size-thumbnail wp-post-image\" alt=\"\" style=\"max-width:150px;max-height:150px;\" srcset=\"https:\/\/landingpage.anista.vn\/wp-content\/uploads\/2025\/02\/51e6f4ca964aa6ec6bd7164cff9e0ef5-150x150.png 150w, https:\/\/landingpage.anista.vn\/wp-content\/uploads\/2025\/02\/51e6f4ca964aa6ec6bd7164cff9e0ef5-300x300.png 300w, https:\/\/landingpage.anista.vn\/wp-content\/uploads\/2025\/02\/51e6f4ca964aa6ec6bd7164cff9e0ef5-768x768.png 768w, https:\/\/landingpage.anista.vn\/wp-content\/uploads\/2025\/02\/51e6f4ca964aa6ec6bd7164cff9e0ef5.png 901w\" sizes=\"auto, (max-width: 150px) 100vw, 150px\" \/><\/a><\/div><a class=\"wp-block-latest-posts__post-title\" href=\"https:\/\/landingpage.anista.vn\/?p=152\">ANISTA<\/a><div class=\"wp-block-latest-posts__post-excerpt\">Gi\u1edbi thi\u1ec7u v\u1ec1 Anista: Anista l\u00e0 m\u1ed9t th\u01b0\u01a1ng hi\u1ec7u c\u00f3 doanh s\u1ed1 \u0111\u1ee9ng \u0111\u1ea7u v\u1edbi c\u00e1c th\u01b0\u01a1ng hi\u1ec7u MLB, ADLV t\u1ea1i Vi\u1ec7t Nam trong vi\u1ec7c cung c\u1ea5p s\u1ea3n ph\u1ea9m t\u1edbi c\u00e1c c\u1ed9ng t\u00e1c vi\u00ean. 1000 C\u1ed9ng t\u00e1c vi\u00ean 1000 Ng\u01b0\u1eddi d\u00f9ng 1000 L\u01b0\u1ee3t t\u1ea3i T\u00ednh n\u0103ng \u1ee9ng d\u1ee5ng V\u1edbi nhi\u1ec1u\u2026 <a class=\"wp-block-latest-posts__read-more\" href=\"https:\/\/landingpage.anista.vn\/?p=152\" rel=\"noopener noreferrer\">Read more<span class=\"screen-reader-text\">: ANISTA<\/span><\/a><\/div><\/li>\n<li><div class=\"wp-block-latest-posts__featured-image aligncenter\"><a href=\"https:\/\/landingpage.anista.vn\/?p=149\" aria-label=\"Aufresh\"><img loading=\"lazy\" decoding=\"async\" width=\"150\" height=\"150\" src=\"https:\/\/landingpage.anista.vn\/wp-content\/uploads\/2025\/02\/ff1af59e8619269f6f81aae375c9f96d-150x150.png\" class=\"attachment-thumbnail size-thumbnail wp-post-image\" alt=\"\" style=\"max-width:150px;max-height:150px;\" srcset=\"https:\/\/landingpage.anista.vn\/wp-content\/uploads\/2025\/02\/ff1af59e8619269f6f81aae375c9f96d-150x150.png 150w, https:\/\/landingpage.anista.vn\/wp-content\/uploads\/2025\/02\/ff1af59e8619269f6f81aae375c9f96d-300x300.png 300w, https:\/\/landingpage.anista.vn\/wp-content\/uploads\/2025\/02\/ff1af59e8619269f6f81aae375c9f96d-768x768.png 768w, https:\/\/landingpage.anista.vn\/wp-content\/uploads\/2025\/02\/ff1af59e8619269f6f81aae375c9f96d.png 901w\" sizes=\"auto, (max-width: 150px) 100vw, 150px\" \/><\/a><\/div><a class=\"wp-block-latest-posts__post-title\" href=\"https:\/\/landingpage.anista.vn\/?p=149\">Aufresh<\/a><div class=\"wp-block-latest-posts__post-excerpt\">Gi\u1edbi thi\u1ec7u v\u1ec1 Aufresh: Anista l\u00e0 m\u1ed9t th\u01b0\u01a1ng hi\u1ec7u c\u00f3 doanh s\u1ed1 \u0111\u1ee9ng \u0111\u1ea7u v\u1edbi c\u00e1c th\u01b0\u01a1ng hi\u1ec7u MLB, ADLV t\u1ea1i Vi\u1ec7t Nam trong vi\u1ec7c cung c\u1ea5p s\u1ea3n ph\u1ea9m t\u1edbi c\u00e1c c\u1ed9ng t\u00e1c vi\u00ean. 1000 C\u1ed9ng t\u00e1c vi\u00ean 1000 Ng\u01b0\u1eddi d\u00f9ng 1000 L\u01b0\u1ee3t t\u1ea3i T\u00ednh n\u0103ng \u1ee9ng d\u1ee5ng V\u1edbi nhi\u1ec1u\u2026 <a class=\"wp-block-latest-posts__read-more\" href=\"https:\/\/landingpage.anista.vn\/?p=149\" rel=\"noopener noreferrer\">Read more<span class=\"screen-reader-text\">: Aufresh<\/span><\/a><\/div><\/li>\n<li><div class=\"wp-block-latest-posts__featured-image aligncenter\"><a href=\"https:\/\/landingpage.anista.vn\/?p=145\" aria-label=\"Ausun\"><img loading=\"lazy\" decoding=\"async\" width=\"150\" height=\"150\" src=\"https:\/\/landingpage.anista.vn\/wp-content\/uploads\/2025\/02\/9bcf43d7853387cbe7fc0eadc81dee97-150x150.png\" class=\"attachment-thumbnail size-thumbnail wp-post-image\" alt=\"\" style=\"max-width:150px;max-height:150px;\" srcset=\"https:\/\/landingpage.anista.vn\/wp-content\/uploads\/2025\/02\/9bcf43d7853387cbe7fc0eadc81dee97-150x150.png 150w, https:\/\/landingpage.anista.vn\/wp-content\/uploads\/2025\/02\/9bcf43d7853387cbe7fc0eadc81dee97-300x300.png 300w, https:\/\/landingpage.anista.vn\/wp-content\/uploads\/2025\/02\/9bcf43d7853387cbe7fc0eadc81dee97-768x768.png 768w, https:\/\/landingpage.anista.vn\/wp-content\/uploads\/2025\/02\/9bcf43d7853387cbe7fc0eadc81dee97.png 901w\" sizes=\"auto, (max-width: 150px) 100vw, 150px\" \/><\/a><\/div><a class=\"wp-block-latest-posts__post-title\" href=\"https:\/\/landingpage.anista.vn\/?p=145\">Ausun<\/a><div class=\"wp-block-latest-posts__post-excerpt\">Gi\u1edbi thi\u1ec7u v\u1ec1 Ausun: Anista l\u00e0 m\u1ed9t th\u01b0\u01a1ng hi\u1ec7u c\u00f3 doanh s\u1ed1 \u0111\u1ee9ng \u0111\u1ea7u v\u1edbi c\u00e1c th\u01b0\u01a1ng hi\u1ec7u MLB, ADLV t\u1ea1i Vi\u1ec7t Nam trong vi\u1ec7c cung c\u1ea5p s\u1ea3n ph\u1ea9m t\u1edbi c\u00e1c c\u1ed9ng t\u00e1c vi\u00ean. 1000 C\u1ed9ng t\u00e1c vi\u00ean 1000 Ng\u01b0\u1eddi d\u00f9ng 1000 L\u01b0\u1ee3t t\u1ea3i T\u00ednh n\u0103ng \u1ee9ng d\u1ee5ng V\u1edbi nhi\u1ec1u\u2026 <a class=\"wp-block-latest-posts__read-more\" href=\"https:\/\/landingpage.anista.vn\/?p=145\" rel=\"noopener noreferrer\">Read more<span class=\"screen-reader-text\">: Ausun<\/span><\/a><\/div><\/li>\n<\/ul>\n\n\n<div style=\"height:56px\" aria-hidden=\"true\" class=\"wp-block-spacer\"><\/div>\n<\/div><\/div>\n\n\n\n<div class=\"wp-block-columns alignfull has-white-color has-black-background-color has-text-color has-background has-link-color wp-elements-dc89dae519491e2504ff5d1c198c6822 is-layout-flex wp-container-core-columns-is-layout-7 wp-block-columns-is-layout-flex\">\n<div class=\"wp-block-column is-layout-flow wp-block-column-is-layout-flow\">\n<div class=\"wp-block-columns container is-layout-flex wp-container-core-columns-is-layout-1 wp-block-columns-is-layout-flex\">\n<div class=\"wp-block-column is-vertically-aligned-center is-layout-flow wp-block-column-is-layout-flow\" style=\"flex-basis:30%\">\n<figure class=\"wp-block-image size-full\"><img loading=\"lazy\" decoding=\"async\" width=\"180\" height=\"58\" src=\"https:\/\/uat.ausun.vn\/wp-content\/uploads\/2024\/08\/logo-footer.png\" alt=\"\" class=\"wp-image-63\"\/><\/figure>\n\n\n\n<p style=\"font-size:20px\"><strong>C\u00f4ng ty TNHH Ausun Holding<\/strong><\/p>\n<\/div>\n\n\n\n<div class=\"wp-block-column is-vertically-aligned-center is-layout-flow wp-block-column-is-layout-flow\" style=\"flex-basis:40%\">\n<p class=\"has-text-color has-link-color wp-elements-f4185653829d69af657a3d1bd3110975\" style=\"color:#ff9f09;font-size:25px\"><strong>\u0110\u0103ng k\u00fd ngay!<\/strong><\/p>\n\n\n\n<p class=\"has-white-color has-text-color has-link-color wp-elements-8cd6a96aece0b85445c61bf05aa3afde\" style=\"font-size:15px\">\u0110\u1ec3 l\u1ea1i Email \u0111\u1ec3 nh\u1eadn th\u00f4ng tin m\u1edbi nh\u1ea5t t\u1eeb Ausun Holding<\/p>\n<\/div>\n\n\n\n<div class=\"wp-block-column is-vertically-aligned-center is-layout-flow wp-block-column-is-layout-flow\" style=\"flex-basis:30%\">\n<div style=\"display: grid; grid-template-columns: 1fr 0.1fr; align-items: center; height: 100px; border: 1px solid black;\">\n    <div style=\"display: flex;align-items: center;border-radius: 24px;padding: 8px 12px;margin-top: 14px;margin-right: 8px;height: 50px;background: white;box-shadow: 0px 4px 6px rgba(0, 0, 0, 0.1);\">\n        <svg xmlns=\"http:\/\/www.w3.org\/2000\/svg\" width=\"20\" height=\"20\" viewBox=\"0 0 24 24\" fill=\"none\" stroke=\"gray\" stroke-width=\"2\" stroke-linecap=\"round\" stroke-linejoin=\"round\" style=\"margin-right: 8px;\">\n            <path d=\"M4 4h16c1.1 0 2 .9 2 2v12c0 1.1-.9 2-2 2H4c-1.1 0-2-.9-2-2V6c0-1.1.9-2 2-2z\"><\/path>\n            <polyline points=\"22,6 12,13 2,6\"><\/polyline>\n        <\/svg>\n        <input type=\"email\" placeholder=\"Email\" style=\"border: none; outline: none; font-size: 16px; background: transparent; width: 200px;padding-top:14px\">\n    <\/div>\n    <svg width=\"45\" height=\"45\" viewBox=\"0 0 40 40\" fill=\"none\" xmlns=\"http:\/\/www.w3.org\/2000\/svg\">\n<rect width=\"40\" height=\"40\" rx=\"20\" fill=\"#FF9F09\"\/>\n<path d=\"M27.5 20L28.2071 19.2929L28.9142 20L28.2071 20.7071L27.5 20ZM12.5 21C11.9477 21 11.5 20.5523 11.5 20C11.5 19.4477 11.9477 19 12.5 19V21ZM22.2071 13.2929L28.2071 19.2929L26.7929 20.7071L20.7929 14.7071L22.2071 13.2929ZM28.2071 20.7071L22.2071 26.7071L20.7929 25.2929L26.7929 19.2929L28.2071 20.7071ZM27.5 21H12.5V19H27.5V21Z\" fill=\"white\"\/>\n<\/svg>\n\n<\/div>\n<\/div>\n<\/div>\n\n\n\n<div style=\"height:27px;;margin:auto;border-top:1px solid #fff\" aria-hidden=\"true\" class=\"wp-block-spacer container\"><\/div>\n\n\n\n<div class=\"wp-block-columns container is-layout-flex wp-container-core-columns-is-layout-2 wp-block-columns-is-layout-flex\">\n<div class=\"wp-block-column is-layout-flow wp-block-column-is-layout-flow\" style=\"flex-basis:35%\">\n<p style=\"font-size:18px\"><strong>Li\u00ean h\u1ec7<\/strong><\/p>\n\n\n\n<p style=\"font-size:15px\"><strong>Tr\u1ee5 s\u1edf: <\/strong>15 P. H\u00e0 K\u1ebf T\u1ea5n, Ph\u01b0\u01a1ng Li\u1ec7t, Thanh Xu\u00e2n, H\u00e0 N\u1ed9i, Vietnam<\/p>\n\n\n\n<p style=\"font-size:15px\"><strong>Email: <\/strong><a href=\"mailto:ausunholding@gmail.com\">ausunholding@gmail.com<\/a><\/p>\n\n\n\n<p style=\"font-size:15px\"><strong>\u0110i\u1ec7n tho\u1ea1i: <\/strong>0917151357<\/p>\n\n\n\n<p style=\"font-size:15px\"><strong>M\u00e3 s\u1ed1 thu\u1ebf:<\/strong> 0123456789<\/p>\n<\/div>\n\n\n\n<div class=\"wp-block-column is-layout-flow wp-block-column-is-layout-flow\" style=\"flex-basis:20%\">\n<p style=\"font-size:18px\"><strong>Ausun Holding<\/strong><\/p>\n\n\n\n<p style=\"font-size:15px\">V\u1ec1 ch\u00fang t\u00f4i<\/p>\n\n\n\n<p style=\"font-size:15px\">\u0110\u1ed9i ng\u0169<\/p>\n\n\n\n<p style=\"font-size:15px\">\u0110\u1ed1i t\u00e1c<\/p>\n\n\n\n<p style=\"font-size:15px\">Tuy\u1ec3n d\u1ee5ng<\/p>\n\n\n\n<p style=\"font-size:15px\">Tin t\u1ee9c<\/p>\n<\/div>\n\n\n\n<div class=\"wp-block-column is-layout-flow wp-block-column-is-layout-flow\" style=\"flex-basis:20%\">\n<p style=\"font-size:18px\"><strong>H\u1ed7 tr\u1ee3<\/strong><\/p>\n\n\n\n<p style=\"font-size:15px\">Li\u00ean h\u1ec7<\/p>\n\n\n\n<p style=\"font-size:15px\">Gi\u00fap \u0111\u1ee1 v\u00e0 h\u1ed7 tr\u1ee3<\/p>\n\n\n\n<p style=\"font-size:15px\">D\u00e0nh cho \u0111\u1ed1i t\u00e1c<\/p>\n\n\n\n<p style=\"font-size:15px\">C\u00e1c c\u00e2u h\u1ecfi th\u01b0\u1eddng g\u1eb7p<\/p>\n<\/div>\n\n\n\n<div class=\"wp-block-column is-layout-flow wp-block-column-is-layout-flow\" style=\"flex-basis:15%\"><div class=\"wp-block-image\">\n<figure class=\"alignright size-full is-resized\"><img loading=\"lazy\" decoding=\"async\" width=\"176\" height=\"54\" src=\"https:\/\/uat.ausun.vn\/wp-content\/uploads\/2025\/02\/41af95f9ee99b64f99bcebc0edc9e484.png\" alt=\"\" class=\"wp-image-354\" style=\"width:141px;height:auto\"\/><\/figure><\/div><\/div>\n<\/div>\n\n\n\n<div style=\"height:27px;;margin:auto;border-top:1px solid #fff\" aria-hidden=\"true\" class=\"wp-block-spacer container\"><\/div>\n\n\n\n<div class=\"wp-block-columns container is-layout-flex wp-container-core-columns-is-layout-6 wp-block-columns-is-layout-flex\">\n<div class=\"wp-block-column is-layout-flow wp-block-column-is-layout-flow\" style=\"flex-basis:35%\">\n<p class=\"has-text-align-left has-white-color has-text-color\" style=\"font-size:14px\">Copyright \u00a9 2021 Ausun Holding. All Rights Reserved.<\/p>\n<\/div>\n\n\n\n<div class=\"wp-block-column is-layout-flow wp-block-column-is-layout-flow\" style=\"flex-basis:60%\">\n<div class=\"wp-block-columns is-layout-flex wp-container-core-columns-is-layout-5 wp-block-columns-is-layout-flex\">\n<div class=\"wp-block-column is-layout-flow wp-block-column-is-layout-flow\" style=\"flex-basis:66.66%\">\n<div class=\"wp-block-columns is-layout-flex wp-container-core-columns-is-layout-3 wp-block-columns-is-layout-flex\">\n<div class=\"wp-block-column is-vertically-aligned-center is-layout-flow wp-block-column-is-layout-flow\">\n<p class=\"has-white-color has-text-color has-link-color wp-elements-4ae5cf88b9335d982d6a3497ee5538ca\" style=\"font-size:12px\">\u0110i\u1ec1u kho\u1ea3n d\u1ecbch v\u1ee5<\/p>\n<\/div>\n\n\n\n<div class=\"wp-block-column is-vertically-aligned-center is-layout-flow wp-block-column-is-layout-flow\">\n<p class=\"has-white-color has-text-color has-link-color wp-elements-8d4272329a46620cb413653ae0a51896\" style=\"font-size:12px\">Ch\u00ednh s\u00e1ch b\u1ea3o m\u1eadt<\/p>\n<\/div>\n\n\n\n<div class=\"wp-block-column is-vertically-aligned-center is-layout-flow wp-block-column-is-layout-flow\">\n<p class=\"has-white-color has-text-color has-link-color wp-elements-c6ed88f050c77927e0c3445a04968e8c\" style=\"font-size:12px\">Google Data Studio<\/p>\n<\/div>\n<\/div>\n<\/div>\n\n\n\n<div class=\"wp-block-column is-layout-flow wp-block-column-is-layout-flow\" style=\"flex-basis:30%\">\n<div class=\"wp-block-columns container-icon-footer is-layout-flex wp-container-core-columns-is-layout-4 wp-block-columns-is-layout-flex\">\n<div class=\"wp-block-column is-vertically-aligned-top is-layout-flow wp-block-column-is-layout-flow\"><div class=\"wp-block-image img-icon-footer\">\n<figure class=\"aligncenter size-full is-resized\"><img loading=\"lazy\" decoding=\"async\" width=\"35\" height=\"36\" src=\"https:\/\/uat.ausun.vn\/wp-content\/uploads\/2025\/02\/linkin.png\" alt=\"\" class=\"wp-image-1334\" style=\"width:22px\" title=\"\"\/><\/figure><\/div><\/div>\n\n\n\n<div class=\"wp-block-column is-vertically-aligned-top is-layout-flow wp-block-column-is-layout-flow\"><div class=\"wp-block-image\">\n<figure class=\"aligncenter size-full is-resized\"><img loading=\"lazy\" decoding=\"async\" width=\"35\" height=\"36\" src=\"https:\/\/uat.ausun.vn\/wp-content\/uploads\/2025\/02\/fb.png\" alt=\"\" class=\"wp-image-1333\" style=\"width:22px\"\/><\/figure><\/div><\/div>\n\n\n\n<div class=\"wp-block-column is-vertically-aligned-top is-layout-flow wp-block-column-is-layout-flow\"><div class=\"wp-block-image\">\n<figure class=\"aligncenter size-full is-resized\"><img loading=\"lazy\" decoding=\"async\" width=\"35\" height=\"36\" src=\"https:\/\/uat.ausun.vn\/wp-content\/uploads\/2025\/02\/youtube.png\" alt=\"\" class=\"wp-image-1336\" style=\"width:22px\"\/><\/figure><\/div><\/div>\n\n\n\n<div class=\"wp-block-column is-vertically-aligned-top is-layout-flow wp-block-column-is-layout-flow\"><div class=\"wp-block-image\">\n<figure class=\"aligncenter size-full is-resized\"><img loading=\"lazy\" decoding=\"async\" width=\"35\" height=\"36\" src=\"https:\/\/uat.ausun.vn\/wp-content\/uploads\/2025\/02\/tiktok.png\" alt=\"\" class=\"wp-image-1335\" style=\"width:22px\"\/><\/figure><\/div><\/div>\n<\/div>\n<\/div>\n<\/div>\n<\/div>\n<\/div>\n<\/div>\n<\/div>\n","protected":false},"excerpt":{"rendered":"<p>D\u1ef0 \u00c1N C\u1ee6A CH\u00daNG T\u00d4I T\u1ea1i Ausun, ch\u00fang t\u00f4i tin t\u01b0\u1edfng v\u00e0o c\u00e1ch ti\u1ebfp c\u1eadn c\u00f3 h\u1ec7 th\u1ed1ng cho b\u1ea5t k\u1ef3 d\u1ef1 \u00e1n n\u00e0o, d\u00f9 ph\u1ee9c t\u1ea1p hay \u0111\u01a1n gi\u1ea3n. Vi\u1ec7c x\u00e2y d\u1ef1ng v\u00e0 tri\u1ec3n khai c\u00e1c d\u1ef1 \u00e1n \u0111\u01b0\u1ee3c th\u1ef1c hi\u1ec7n m\u1ed9t c\u00e1ch nhanh nh\u1ea5t ph\u00f9 h\u1ee3p v\u1edbi nghi\u1ec7p [&hellip;]<\/p>\n","protected":false},"author":1,"featured_media":0,"parent":0,"menu_order":0,"comment_status":"closed","ping_status":"closed","template":"","meta":{"footnotes":""},"class_list":["post-46","page","type-page","status-publish","hentry"],"_links":{"self":[{"href":"https:\/\/landingpage.anista.vn\/index.php?rest_route=\/wp\/v2\/pages\/46","targetHints":{"allow":["GET"]}}],"collection":[{"href":"https:\/\/landingpage.anista.vn\/index.php?rest_route=\/wp\/v2\/pages"}],"about":[{"href":"https:\/\/landingpage.anista.vn\/index.php?rest_route=\/wp\/v2\/types\/page"}],"author":[{"embeddable":true,"href":"https:\/\/landingpage.anista.vn\/index.php?rest_route=\/wp\/v2\/users\/1"}],"replies":[{"embeddable":true,"href":"https:\/\/landingpage.anista.vn\/index.php?rest_route=%2Fwp%2Fv2%2Fcomments&post=46"}],"version-history":[{"count":32,"href":"https:\/\/landingpage.anista.vn\/index.php?rest_route=\/wp\/v2\/pages\/46\/revisions"}],"predecessor-version":[{"id":1981,"href":"https:\/\/landingpage.anista.vn\/index.php?rest_route=\/wp\/v2\/pages\/46\/revisions\/1981"}],"wp:attachment":[{"href":"https:\/\/landingpage.anista.vn\/index.php?rest_route=%2Fwp%2Fv2%2Fmedia&parent=46"}],"curies":[{"name":"wp","href":"https:\/\/api.w.org\/{rel}","templated":true}]}}