{"id":49,"date":"2024-08-14T08:36:05","date_gmt":"2024-08-14T08:36:05","guid":{"rendered":"https:\/\/landingpage.anista.vn\/?page_id=49"},"modified":"2025-02-21T07:06:40","modified_gmt":"2025-02-21T07:06:40","slug":"tuyen-dung","status":"publish","type":"page","link":"https:\/\/landingpage.anista.vn\/?page_id=49","title":{"rendered":"Tuy\u1ec3n d\u1ee5ng"},"content":{"rendered":"\n<p class=\"has-text-align-center has-black-color has-text-color has-link-color wp-elements-97525d83121f00710ab489db771a211a\" style=\"font-size:32px\"><strong>TUY\u1ec2N D\u1ee4NG<\/strong><\/p>\n\n\n\n<p class=\"has-text-align-center has-black-color has-text-color has-link-color wp-elements-f96d4ce5458f9228f72d002dd75d8462\" style=\"font-size:16px\">B\u1ea1n c\u00f3 th\u1ec3 tham kh\u1ea3o c\u00e1c v\u1ecb tr\u00ed \u0111ang tuy\u1ec3n d\u1ee5ng c\u1ee7a ch\u00fang t\u00f4i \u1edf d\u01b0\u1edbi \u0111\u00e2y. Th\u00f4ng tin tuy\u1ec3n d\u1ee5ng c\u00f3 th\u1ec3 thay \u0111\u1ed5i, v\u00ec th\u1ebf h\u00e3y li\u00ean h\u1ec7 v\u1edbi ch\u00fang t\u00f4i trong th\u1eddi gian s\u1edbm nh\u1ea5t.<\/p>\n\n\n\n<div style=\"height:32px\" aria-hidden=\"true\" class=\"wp-block-spacer\"><\/div>\n\n\n\n<div class=\"wp-block-columns alignwide is-layout-flex wp-container-core-columns-is-layout-7 wp-block-columns-is-layout-flex\">\n<div class=\"wp-block-column is-layout-flow wp-block-column-is-layout-flow\">\n<div class=\"wp-block-columns is-layout-flex wp-container-core-columns-is-layout-1 wp-block-columns-is-layout-flex\">\n<div class=\"wp-block-column is-layout-flow wp-block-column-is-layout-flow\"><div class=\"wp-block-image\">\n<figure class=\"aligncenter size-full is-resized\"><a href=\"https:\/\/landingpage.anista.vn\/?p=890\"><img loading=\"lazy\" decoding=\"async\" width=\"220\" height=\"220\" src=\"https:\/\/landingpage.anista.vn\/wp-content\/uploads\/2025\/02\/tuyendung-1.jpg\" alt=\"\" class=\"wp-image-932\" style=\"width:227px;height:auto\" srcset=\"https:\/\/landingpage.anista.vn\/wp-content\/uploads\/2025\/02\/tuyendung-1.jpg 220w, https:\/\/landingpage.anista.vn\/wp-content\/uploads\/2025\/02\/tuyendung-1-150x150.jpg 150w\" sizes=\"auto, (max-width: 220px) 100vw, 220px\" \/><\/a><\/figure><\/div><\/div>\n\n\n\n<div class=\"wp-block-column is-layout-flow wp-block-column-is-layout-flow\">\n<h5 class=\"wp-block-heading has-black-color has-text-color has-link-color wp-elements-0379e1d2c1c55fa652574e83dc1e7f1e\" style=\"font-size:18px\"><a href=\"https:\/\/landingpage.anista.vn\/?p=890\" data-type=\"post\" data-id=\"890\"><strong>Tuy\u1ec3n v\u1ecb tr\u00ed c\u1ed9ng t\u00e1c vi\u00ean b\u00e1n h\u00e0ng online<\/strong><\/a><\/h5>\n\n\n\n<ul class=\"wp-block-list\">\n<li style=\"font-size:16px\"><mark style=\"background-color:rgba(0, 0, 0, 0)\" class=\"has-inline-color has-black-color\">S\u1ed1 l\u01b0\u1ee3ng: 10<\/mark><\/li>\n\n\n\n<li style=\"font-size:16px\"><mark style=\"background-color:rgba(0, 0, 0, 0)\" class=\"has-inline-color has-black-color\">M\u1ee9c l\u01b0\u01a1ng: xx.000.000 VN\u0110<\/mark><\/li>\n\n\n\n<li style=\"font-size:16px\"><mark style=\"background-color:rgba(0, 0, 0, 0)\" class=\"has-inline-color has-black-color\">C\u00f3 quy\u1ec1n l\u1ef1a ch\u1ecdn to\u00e0n b\u1ed9 s\u1ea3n ph\u1ea9m trong h\u1ec7 sinh th\u00e1i AusunHolding&#8230;<\/mark>  <a href=\"https:\/\/landingpage.anista.vn\/?p=890\" data-type=\"post\" data-id=\"890\"><mark style=\"background-color:rgba(0, 0, 0, 0);color:#ff9f09\" class=\"has-inline-color\"><strong>XEM TH\u00caM<\/strong><\/mark><\/a><\/li>\n<\/ul>\n<\/div>\n<\/div>\n\n\n\n<div style=\"height:44px\" aria-hidden=\"true\" class=\"wp-block-spacer\"><\/div>\n\n\n\n<div class=\"wp-block-columns is-layout-flex wp-container-core-columns-is-layout-2 wp-block-columns-is-layout-flex\">\n<div class=\"wp-block-column is-layout-flow wp-block-column-is-layout-flow\"><div class=\"wp-block-image\">\n<figure class=\"aligncenter size-full is-resized\"><a href=\"https:\/\/landingpage.anista.vn\/?p=890\"><img loading=\"lazy\" decoding=\"async\" width=\"220\" height=\"220\" src=\"https:\/\/landingpage.anista.vn\/wp-content\/uploads\/2025\/02\/tuyendung-1.jpg\" alt=\"\" class=\"wp-image-932\" style=\"width:227px;height:auto\" srcset=\"https:\/\/landingpage.anista.vn\/wp-content\/uploads\/2025\/02\/tuyendung-1.jpg 220w, https:\/\/landingpage.anista.vn\/wp-content\/uploads\/2025\/02\/tuyendung-1-150x150.jpg 150w\" sizes=\"auto, (max-width: 220px) 100vw, 220px\" \/><\/a><\/figure><\/div><\/div>\n\n\n\n<div class=\"wp-block-column is-layout-flow wp-block-column-is-layout-flow\">\n<h5 class=\"wp-block-heading has-black-color has-text-color has-link-color wp-elements-0379e1d2c1c55fa652574e83dc1e7f1e\" style=\"font-size:18px\"><a href=\"https:\/\/landingpage.anista.vn\/?p=890\" data-type=\"post\" data-id=\"890\"><strong>Tuy\u1ec3n v\u1ecb tr\u00ed c\u1ed9ng t\u00e1c vi\u00ean b\u00e1n h\u00e0ng online<\/strong><\/a><\/h5>\n\n\n\n<ul class=\"wp-block-list\">\n<li style=\"font-size:16px\"><mark style=\"background-color:rgba(0, 0, 0, 0)\" class=\"has-inline-color has-black-color\">S\u1ed1 l\u01b0\u1ee3ng: 10<\/mark><\/li>\n\n\n\n<li style=\"font-size:16px\"><mark style=\"background-color:rgba(0, 0, 0, 0)\" class=\"has-inline-color has-black-color\">M\u1ee9c l\u01b0\u01a1ng: xx.000.000 VN\u0110<\/mark><\/li>\n\n\n\n<li style=\"font-size:16px\"><mark style=\"background-color:rgba(0, 0, 0, 0)\" class=\"has-inline-color has-black-color\">C\u00f3 quy\u1ec1n l\u1ef1a ch\u1ecdn to\u00e0n b\u1ed9 s\u1ea3n ph\u1ea9m trong h\u1ec7 sinh th\u00e1i AusunHolding&#8230;<\/mark>  <a href=\"https:\/\/landingpage.anista.vn\/?p=890\" data-type=\"post\" data-id=\"890\"><mark style=\"background-color:rgba(0, 0, 0, 0);color:#ff9f09\" class=\"has-inline-color\"><strong>XEM TH\u00caM<\/strong><\/mark><\/a><\/li>\n<\/ul>\n<\/div>\n<\/div>\n\n\n\n<div style=\"height:44px\" aria-hidden=\"true\" class=\"wp-block-spacer\"><\/div>\n\n\n\n<div class=\"wp-block-columns is-layout-flex wp-container-core-columns-is-layout-3 wp-block-columns-is-layout-flex\">\n<div class=\"wp-block-column is-layout-flow wp-block-column-is-layout-flow\"><div class=\"wp-block-image\">\n<figure class=\"aligncenter size-full is-resized\"><a href=\"https:\/\/landingpage.anista.vn\/?p=890\"><img loading=\"lazy\" decoding=\"async\" width=\"220\" height=\"220\" src=\"https:\/\/landingpage.anista.vn\/wp-content\/uploads\/2025\/02\/tuyendung-1.jpg\" alt=\"\" class=\"wp-image-932\" style=\"width:227px;height:auto\" srcset=\"https:\/\/landingpage.anista.vn\/wp-content\/uploads\/2025\/02\/tuyendung-1.jpg 220w, https:\/\/landingpage.anista.vn\/wp-content\/uploads\/2025\/02\/tuyendung-1-150x150.jpg 150w\" sizes=\"auto, (max-width: 220px) 100vw, 220px\" \/><\/a><\/figure><\/div><\/div>\n\n\n\n<div class=\"wp-block-column is-layout-flow wp-block-column-is-layout-flow\">\n<h5 class=\"wp-block-heading has-black-color has-text-color has-link-color wp-elements-0379e1d2c1c55fa652574e83dc1e7f1e\" style=\"font-size:18px\"><a href=\"https:\/\/landingpage.anista.vn\/?p=890\" data-type=\"post\" data-id=\"890\"><strong>Tuy\u1ec3n v\u1ecb tr\u00ed c\u1ed9ng t\u00e1c vi\u00ean b\u00e1n h\u00e0ng online<\/strong><\/a><\/h5>\n\n\n\n<ul class=\"wp-block-list\">\n<li style=\"font-size:16px\"><mark style=\"background-color:rgba(0, 0, 0, 0)\" class=\"has-inline-color has-black-color\">S\u1ed1 l\u01b0\u1ee3ng: 10<\/mark><\/li>\n\n\n\n<li style=\"font-size:16px\"><mark style=\"background-color:rgba(0, 0, 0, 0)\" class=\"has-inline-color has-black-color\">M\u1ee9c l\u01b0\u01a1ng: xx.000.000 VN\u0110<\/mark><\/li>\n\n\n\n<li style=\"font-size:16px\"><mark style=\"background-color:rgba(0, 0, 0, 0)\" class=\"has-inline-color has-black-color\">C\u00f3 quy\u1ec1n l\u1ef1a ch\u1ecdn to\u00e0n b\u1ed9 s\u1ea3n ph\u1ea9m trong h\u1ec7 sinh th\u00e1i AusunHolding&#8230;<\/mark>  <a href=\"https:\/\/landingpage.anista.vn\/?p=890\" data-type=\"post\" data-id=\"890\"><mark style=\"background-color:rgba(0, 0, 0, 0);color:#ff9f09\" class=\"has-inline-color\"><strong>XEM TH\u00caM<\/strong><\/mark><\/a><\/li>\n<\/ul>\n<\/div>\n<\/div>\n<\/div>\n\n\n\n<div class=\"wp-block-column is-layout-flow wp-block-column-is-layout-flow\">\n<div class=\"wp-block-columns is-layout-flex wp-container-core-columns-is-layout-4 wp-block-columns-is-layout-flex\">\n<div class=\"wp-block-column is-layout-flow wp-block-column-is-layout-flow\"><div class=\"wp-block-image\">\n<figure class=\"aligncenter size-full is-resized\"><a href=\"https:\/\/landingpage.anista.vn\/?p=890\"><img loading=\"lazy\" decoding=\"async\" width=\"220\" height=\"220\" src=\"https:\/\/landingpage.anista.vn\/wp-content\/uploads\/2025\/02\/tuyendung-1.jpg\" alt=\"\" class=\"wp-image-932\" style=\"width:227px;height:auto\" srcset=\"https:\/\/landingpage.anista.vn\/wp-content\/uploads\/2025\/02\/tuyendung-1.jpg 220w, https:\/\/landingpage.anista.vn\/wp-content\/uploads\/2025\/02\/tuyendung-1-150x150.jpg 150w\" sizes=\"auto, (max-width: 220px) 100vw, 220px\" \/><\/a><\/figure><\/div><\/div>\n\n\n\n<div class=\"wp-block-column is-layout-flow wp-block-column-is-layout-flow\">\n<h5 class=\"wp-block-heading has-black-color has-text-color has-link-color wp-elements-0379e1d2c1c55fa652574e83dc1e7f1e\" style=\"font-size:18px\"><a href=\"https:\/\/landingpage.anista.vn\/?p=890\" data-type=\"post\" data-id=\"890\"><strong>Tuy\u1ec3n v\u1ecb tr\u00ed c\u1ed9ng t\u00e1c vi\u00ean b\u00e1n h\u00e0ng online<\/strong><\/a><\/h5>\n\n\n\n<ul class=\"wp-block-list\">\n<li style=\"font-size:16px\"><mark style=\"background-color:rgba(0, 0, 0, 0)\" class=\"has-inline-color has-black-color\">S\u1ed1 l\u01b0\u1ee3ng: 10<\/mark><\/li>\n\n\n\n<li style=\"font-size:16px\"><mark style=\"background-color:rgba(0, 0, 0, 0)\" class=\"has-inline-color has-black-color\">M\u1ee9c l\u01b0\u01a1ng: xx.000.000 VN\u0110<\/mark><\/li>\n\n\n\n<li style=\"font-size:16px\"><mark style=\"background-color:rgba(0, 0, 0, 0)\" class=\"has-inline-color has-black-color\">C\u00f3 quy\u1ec1n l\u1ef1a ch\u1ecdn to\u00e0n b\u1ed9 s\u1ea3n ph\u1ea9m trong h\u1ec7 sinh th\u00e1i AusunHolding&#8230;<\/mark>  <a href=\"https:\/\/landingpage.anista.vn\/?p=890\" data-type=\"post\" data-id=\"890\"><mark style=\"background-color:rgba(0, 0, 0, 0);color:#ff9f09\" class=\"has-inline-color\"><strong>XEM TH\u00caM<\/strong><\/mark><\/a><\/li>\n<\/ul>\n<\/div>\n<\/div>\n\n\n\n<div style=\"height:44px\" aria-hidden=\"true\" class=\"wp-block-spacer\"><\/div>\n\n\n\n<div class=\"wp-block-columns is-layout-flex wp-container-core-columns-is-layout-5 wp-block-columns-is-layout-flex\">\n<div class=\"wp-block-column is-layout-flow wp-block-column-is-layout-flow\"><div class=\"wp-block-image\">\n<figure class=\"aligncenter size-full is-resized\"><a href=\"https:\/\/landingpage.anista.vn\/?p=890\"><img loading=\"lazy\" decoding=\"async\" width=\"220\" height=\"220\" src=\"https:\/\/landingpage.anista.vn\/wp-content\/uploads\/2025\/02\/tuyendung-1.jpg\" alt=\"\" class=\"wp-image-932\" style=\"width:227px;height:auto\" srcset=\"https:\/\/landingpage.anista.vn\/wp-content\/uploads\/2025\/02\/tuyendung-1.jpg 220w, https:\/\/landingpage.anista.vn\/wp-content\/uploads\/2025\/02\/tuyendung-1-150x150.jpg 150w\" sizes=\"auto, (max-width: 220px) 100vw, 220px\" \/><\/a><\/figure><\/div><\/div>\n\n\n\n<div class=\"wp-block-column is-layout-flow wp-block-column-is-layout-flow\">\n<h5 class=\"wp-block-heading has-black-color has-text-color has-link-color wp-elements-0379e1d2c1c55fa652574e83dc1e7f1e\" style=\"font-size:18px\"><a href=\"https:\/\/landingpage.anista.vn\/?p=890\" data-type=\"post\" data-id=\"890\"><strong>Tuy\u1ec3n v\u1ecb tr\u00ed c\u1ed9ng t\u00e1c vi\u00ean b\u00e1n h\u00e0ng online<\/strong><\/a><\/h5>\n\n\n\n<ul class=\"wp-block-list\">\n<li style=\"font-size:16px\"><mark style=\"background-color:rgba(0, 0, 0, 0)\" class=\"has-inline-color has-black-color\">S\u1ed1 l\u01b0\u1ee3ng: 10<\/mark><\/li>\n\n\n\n<li style=\"font-size:16px\"><mark style=\"background-color:rgba(0, 0, 0, 0)\" class=\"has-inline-color has-black-color\">M\u1ee9c l\u01b0\u01a1ng: xx.000.000 VN\u0110<\/mark><\/li>\n\n\n\n<li style=\"font-size:16px\"><mark style=\"background-color:rgba(0, 0, 0, 0)\" class=\"has-inline-color has-black-color\">C\u00f3 quy\u1ec1n l\u1ef1a ch\u1ecdn to\u00e0n b\u1ed9 s\u1ea3n ph\u1ea9m trong h\u1ec7 sinh th\u00e1i AusunHolding&#8230;<\/mark>  <a href=\"https:\/\/landingpage.anista.vn\/?p=890\" data-type=\"post\" data-id=\"890\"><mark style=\"background-color:rgba(0, 0, 0, 0);color:#ff9f09\" class=\"has-inline-color\"><strong>XEM TH\u00caM<\/strong><\/mark><\/a><\/li>\n<\/ul>\n<\/div>\n<\/div>\n\n\n\n<div style=\"height:44px\" aria-hidden=\"true\" class=\"wp-block-spacer\"><\/div>\n\n\n\n<div class=\"wp-block-columns is-layout-flex wp-container-core-columns-is-layout-6 wp-block-columns-is-layout-flex\">\n<div class=\"wp-block-column is-layout-flow wp-block-column-is-layout-flow\"><div class=\"wp-block-image\">\n<figure class=\"aligncenter size-full is-resized\"><a href=\"https:\/\/landingpage.anista.vn\/?p=890\"><img loading=\"lazy\" decoding=\"async\" width=\"220\" height=\"220\" src=\"https:\/\/landingpage.anista.vn\/wp-content\/uploads\/2025\/02\/tuyendung-1.jpg\" alt=\"\" class=\"wp-image-932\" style=\"width:227px;height:auto\" srcset=\"https:\/\/landingpage.anista.vn\/wp-content\/uploads\/2025\/02\/tuyendung-1.jpg 220w, https:\/\/landingpage.anista.vn\/wp-content\/uploads\/2025\/02\/tuyendung-1-150x150.jpg 150w\" sizes=\"auto, (max-width: 220px) 100vw, 220px\" \/><\/a><\/figure><\/div><\/div>\n\n\n\n<div class=\"wp-block-column is-layout-flow wp-block-column-is-layout-flow\">\n<h5 class=\"wp-block-heading has-black-color has-text-color has-link-color wp-elements-0379e1d2c1c55fa652574e83dc1e7f1e\" style=\"font-size:18px\"><a href=\"https:\/\/landingpage.anista.vn\/?p=890\" data-type=\"post\" data-id=\"890\"><strong>Tuy\u1ec3n v\u1ecb tr\u00ed c\u1ed9ng t\u00e1c vi\u00ean b\u00e1n h\u00e0ng online<\/strong><\/a><\/h5>\n\n\n\n<ul class=\"wp-block-list\">\n<li style=\"font-size:16px\"><mark style=\"background-color:rgba(0, 0, 0, 0)\" class=\"has-inline-color has-black-color\">S\u1ed1 l\u01b0\u1ee3ng: 10<\/mark><\/li>\n\n\n\n<li style=\"font-size:16px\"><mark style=\"background-color:rgba(0, 0, 0, 0)\" class=\"has-inline-color has-black-color\">M\u1ee9c l\u01b0\u01a1ng: xx.000.000 VN\u0110<\/mark><\/li>\n\n\n\n<li style=\"font-size:16px\"><mark style=\"background-color:rgba(0, 0, 0, 0)\" class=\"has-inline-color has-black-color\">C\u00f3 quy\u1ec1n l\u1ef1a ch\u1ecdn to\u00e0n b\u1ed9 s\u1ea3n ph\u1ea9m trong h\u1ec7 sinh th\u00e1i AusunHolding&#8230;<\/mark>  <a href=\"https:\/\/landingpage.anista.vn\/?p=890\" data-type=\"post\" data-id=\"890\"><mark style=\"background-color:rgba(0, 0, 0, 0);color:#ff9f09\" class=\"has-inline-color\"><strong>XEM TH\u00caM<\/strong><\/mark><\/a><\/li>\n<\/ul>\n<\/div>\n<\/div>\n<\/div>\n<\/div>\n\n\n\n<div class=\"wp-block-columns alignfull has-white-color has-black-background-color has-text-color has-background has-link-color wp-elements-dc89dae519491e2504ff5d1c198c6822 is-layout-flex wp-container-core-columns-is-layout-14 wp-block-columns-is-layout-flex\">\n<div class=\"wp-block-column is-layout-flow wp-block-column-is-layout-flow\">\n<div class=\"wp-block-columns container is-layout-flex wp-container-core-columns-is-layout-8 wp-block-columns-is-layout-flex\">\n<div class=\"wp-block-column is-vertically-aligned-center is-layout-flow wp-block-column-is-layout-flow\" style=\"flex-basis:30%\">\n<figure class=\"wp-block-image size-full\"><img loading=\"lazy\" decoding=\"async\" width=\"180\" height=\"58\" src=\"https:\/\/uat.ausun.vn\/wp-content\/uploads\/2024\/08\/logo-footer.png\" alt=\"\" class=\"wp-image-63\"\/><\/figure>\n\n\n\n<p style=\"font-size:20px\"><strong>C\u00f4ng ty TNHH Ausun Holding<\/strong><\/p>\n<\/div>\n\n\n\n<div class=\"wp-block-column is-vertically-aligned-center is-layout-flow wp-block-column-is-layout-flow\" style=\"flex-basis:40%\">\n<p class=\"has-text-color has-link-color wp-elements-f4185653829d69af657a3d1bd3110975\" style=\"color:#ff9f09;font-size:25px\"><strong>\u0110\u0103ng k\u00fd ngay!<\/strong><\/p>\n\n\n\n<p class=\"has-white-color has-text-color has-link-color wp-elements-8cd6a96aece0b85445c61bf05aa3afde\" style=\"font-size:15px\">\u0110\u1ec3 l\u1ea1i Email \u0111\u1ec3 nh\u1eadn th\u00f4ng tin m\u1edbi nh\u1ea5t t\u1eeb Ausun Holding<\/p>\n<\/div>\n\n\n\n<div class=\"wp-block-column is-vertically-aligned-center is-layout-flow wp-block-column-is-layout-flow\" style=\"flex-basis:30%\">\n<div style=\"display: grid; grid-template-columns: 1fr 0.1fr; align-items: center; height: 100px; border: 1px solid black;\">\n    <div style=\"display: flex;align-items: center;border-radius: 24px;padding: 8px 12px;margin-top: 14px;margin-right: 8px;height: 50px;background: white;box-shadow: 0px 4px 6px rgba(0, 0, 0, 0.1);\">\n        <svg xmlns=\"http:\/\/www.w3.org\/2000\/svg\" width=\"20\" height=\"20\" viewBox=\"0 0 24 24\" fill=\"none\" stroke=\"gray\" stroke-width=\"2\" stroke-linecap=\"round\" stroke-linejoin=\"round\" style=\"margin-right: 8px;\">\n            <path d=\"M4 4h16c1.1 0 2 .9 2 2v12c0 1.1-.9 2-2 2H4c-1.1 0-2-.9-2-2V6c0-1.1.9-2 2-2z\"><\/path>\n            <polyline points=\"22,6 12,13 2,6\"><\/polyline>\n        <\/svg>\n        <input type=\"email\" placeholder=\"Email\" style=\"border: none; outline: none; font-size: 16px; background: transparent; width: 200px;padding-top:14px\">\n    <\/div>\n    <svg width=\"45\" height=\"45\" viewBox=\"0 0 40 40\" fill=\"none\" xmlns=\"http:\/\/www.w3.org\/2000\/svg\">\n<rect width=\"40\" height=\"40\" rx=\"20\" fill=\"#FF9F09\"\/>\n<path d=\"M27.5 20L28.2071 19.2929L28.9142 20L28.2071 20.7071L27.5 20ZM12.5 21C11.9477 21 11.5 20.5523 11.5 20C11.5 19.4477 11.9477 19 12.5 19V21ZM22.2071 13.2929L28.2071 19.2929L26.7929 20.7071L20.7929 14.7071L22.2071 13.2929ZM28.2071 20.7071L22.2071 26.7071L20.7929 25.2929L26.7929 19.2929L28.2071 20.7071ZM27.5 21H12.5V19H27.5V21Z\" fill=\"white\"\/>\n<\/svg>\n\n<\/div>\n<\/div>\n<\/div>\n\n\n\n<div style=\"height:27px;;margin:auto;border-top:1px solid #fff\" aria-hidden=\"true\" class=\"wp-block-spacer container\"><\/div>\n\n\n\n<div class=\"wp-block-columns container is-layout-flex wp-container-core-columns-is-layout-9 wp-block-columns-is-layout-flex\">\n<div class=\"wp-block-column is-layout-flow wp-block-column-is-layout-flow\" style=\"flex-basis:35%\">\n<p style=\"font-size:18px\"><strong>Li\u00ean h\u1ec7<\/strong><\/p>\n\n\n\n<p style=\"font-size:15px\"><strong>Tr\u1ee5 s\u1edf: <\/strong>15 P. H\u00e0 K\u1ebf T\u1ea5n, Ph\u01b0\u01a1ng Li\u1ec7t, Thanh Xu\u00e2n, H\u00e0 N\u1ed9i, Vietnam<\/p>\n\n\n\n<p style=\"font-size:15px\"><strong>Email: <\/strong><a href=\"mailto:ausunholding@gmail.com\">ausunholding@gmail.com<\/a><\/p>\n\n\n\n<p style=\"font-size:15px\"><strong>\u0110i\u1ec7n tho\u1ea1i: <\/strong>0917151357<\/p>\n\n\n\n<p style=\"font-size:15px\"><strong>M\u00e3 s\u1ed1 thu\u1ebf:<\/strong> 0123456789<\/p>\n<\/div>\n\n\n\n<div class=\"wp-block-column is-layout-flow wp-block-column-is-layout-flow\" style=\"flex-basis:20%\">\n<p style=\"font-size:18px\"><strong>Ausun Holding<\/strong><\/p>\n\n\n\n<p style=\"font-size:15px\">V\u1ec1 ch\u00fang t\u00f4i<\/p>\n\n\n\n<p style=\"font-size:15px\">\u0110\u1ed9i ng\u0169<\/p>\n\n\n\n<p style=\"font-size:15px\">\u0110\u1ed1i t\u00e1c<\/p>\n\n\n\n<p style=\"font-size:15px\">Tuy\u1ec3n d\u1ee5ng<\/p>\n\n\n\n<p style=\"font-size:15px\">Tin t\u1ee9c<\/p>\n<\/div>\n\n\n\n<div class=\"wp-block-column is-layout-flow wp-block-column-is-layout-flow\" style=\"flex-basis:20%\">\n<p style=\"font-size:18px\"><strong>H\u1ed7 tr\u1ee3<\/strong><\/p>\n\n\n\n<p style=\"font-size:15px\">Li\u00ean h\u1ec7<\/p>\n\n\n\n<p style=\"font-size:15px\">Gi\u00fap \u0111\u1ee1 v\u00e0 h\u1ed7 tr\u1ee3<\/p>\n\n\n\n<p style=\"font-size:15px\">D\u00e0nh cho \u0111\u1ed1i t\u00e1c<\/p>\n\n\n\n<p style=\"font-size:15px\">C\u00e1c c\u00e2u h\u1ecfi th\u01b0\u1eddng g\u1eb7p<\/p>\n<\/div>\n\n\n\n<div class=\"wp-block-column is-layout-flow wp-block-column-is-layout-flow\" style=\"flex-basis:15%\"><div class=\"wp-block-image\">\n<figure class=\"alignright size-full is-resized\"><img loading=\"lazy\" decoding=\"async\" width=\"176\" height=\"54\" src=\"https:\/\/uat.ausun.vn\/wp-content\/uploads\/2025\/02\/41af95f9ee99b64f99bcebc0edc9e484.png\" alt=\"\" class=\"wp-image-354\" style=\"width:141px;height:auto\"\/><\/figure><\/div><\/div>\n<\/div>\n\n\n\n<div style=\"height:27px;;margin:auto;border-top:1px solid #fff\" aria-hidden=\"true\" class=\"wp-block-spacer container\"><\/div>\n\n\n\n<div class=\"wp-block-columns container is-layout-flex wp-container-core-columns-is-layout-13 wp-block-columns-is-layout-flex\">\n<div class=\"wp-block-column is-layout-flow wp-block-column-is-layout-flow\" style=\"flex-basis:35%\">\n<p class=\"has-text-align-left has-white-color has-text-color\" style=\"font-size:14px\">Copyright \u00a9 2021 Ausun Holding. All Rights Reserved.<\/p>\n<\/div>\n\n\n\n<div class=\"wp-block-column is-layout-flow wp-block-column-is-layout-flow\" style=\"flex-basis:60%\">\n<div class=\"wp-block-columns is-layout-flex wp-container-core-columns-is-layout-12 wp-block-columns-is-layout-flex\">\n<div class=\"wp-block-column is-layout-flow wp-block-column-is-layout-flow\" style=\"flex-basis:66.66%\">\n<div class=\"wp-block-columns is-layout-flex wp-container-core-columns-is-layout-10 wp-block-columns-is-layout-flex\">\n<div class=\"wp-block-column is-vertically-aligned-center is-layout-flow wp-block-column-is-layout-flow\">\n<p class=\"has-white-color has-text-color has-link-color wp-elements-4ae5cf88b9335d982d6a3497ee5538ca\" style=\"font-size:12px\">\u0110i\u1ec1u kho\u1ea3n d\u1ecbch v\u1ee5<\/p>\n<\/div>\n\n\n\n<div class=\"wp-block-column is-vertically-aligned-center is-layout-flow wp-block-column-is-layout-flow\">\n<p class=\"has-white-color has-text-color has-link-color wp-elements-8d4272329a46620cb413653ae0a51896\" style=\"font-size:12px\">Ch\u00ednh s\u00e1ch b\u1ea3o m\u1eadt<\/p>\n<\/div>\n\n\n\n<div class=\"wp-block-column is-vertically-aligned-center is-layout-flow wp-block-column-is-layout-flow\">\n<p class=\"has-white-color has-text-color has-link-color wp-elements-c6ed88f050c77927e0c3445a04968e8c\" style=\"font-size:12px\">Google Data Studio<\/p>\n<\/div>\n<\/div>\n<\/div>\n\n\n\n<div class=\"wp-block-column is-layout-flow wp-block-column-is-layout-flow\" style=\"flex-basis:30%\">\n<div class=\"wp-block-columns container-icon-footer is-layout-flex wp-container-core-columns-is-layout-11 wp-block-columns-is-layout-flex\">\n<div class=\"wp-block-column is-vertically-aligned-top is-layout-flow wp-block-column-is-layout-flow\"><div class=\"wp-block-image img-icon-footer\">\n<figure class=\"aligncenter size-full is-resized\"><img loading=\"lazy\" decoding=\"async\" width=\"35\" height=\"36\" src=\"https:\/\/uat.ausun.vn\/wp-content\/uploads\/2025\/02\/linkin.png\" alt=\"\" class=\"wp-image-1334\" style=\"width:22px\" title=\"\"\/><\/figure><\/div><\/div>\n\n\n\n<div class=\"wp-block-column is-vertically-aligned-top is-layout-flow wp-block-column-is-layout-flow\"><div class=\"wp-block-image\">\n<figure class=\"aligncenter size-full is-resized\"><img loading=\"lazy\" decoding=\"async\" width=\"35\" height=\"36\" src=\"https:\/\/uat.ausun.vn\/wp-content\/uploads\/2025\/02\/fb.png\" alt=\"\" class=\"wp-image-1333\" style=\"width:22px\"\/><\/figure><\/div><\/div>\n\n\n\n<div class=\"wp-block-column is-vertically-aligned-top is-layout-flow wp-block-column-is-layout-flow\"><div class=\"wp-block-image\">\n<figure class=\"aligncenter size-full is-resized\"><img loading=\"lazy\" decoding=\"async\" width=\"35\" height=\"36\" src=\"https:\/\/uat.ausun.vn\/wp-content\/uploads\/2025\/02\/youtube.png\" alt=\"\" class=\"wp-image-1336\" style=\"width:22px\"\/><\/figure><\/div><\/div>\n\n\n\n<div class=\"wp-block-column is-vertically-aligned-top is-layout-flow wp-block-column-is-layout-flow\"><div class=\"wp-block-image\">\n<figure class=\"aligncenter size-full is-resized\"><img loading=\"lazy\" decoding=\"async\" width=\"35\" height=\"36\" src=\"https:\/\/uat.ausun.vn\/wp-content\/uploads\/2025\/02\/tiktok.png\" alt=\"\" class=\"wp-image-1335\" style=\"width:22px\"\/><\/figure><\/div><\/div>\n<\/div>\n<\/div>\n<\/div>\n<\/div>\n<\/div>\n<\/div>\n<\/div>\n","protected":false},"excerpt":{"rendered":"<p>TUY\u1ec2N D\u1ee4NG B\u1ea1n c\u00f3 th\u1ec3 tham kh\u1ea3o c\u00e1c v\u1ecb tr\u00ed \u0111ang tuy\u1ec3n d\u1ee5ng c\u1ee7a ch\u00fang t\u00f4i \u1edf d\u01b0\u1edbi \u0111\u00e2y. Th\u00f4ng tin tuy\u1ec3n d\u1ee5ng c\u00f3 th\u1ec3 thay \u0111\u1ed5i, v\u00ec th\u1ebf h\u00e3y li\u00ean h\u1ec7 v\u1edbi ch\u00fang t\u00f4i trong th\u1eddi gian s\u1edbm nh\u1ea5t. Tuy\u1ec3n v\u1ecb tr\u00ed c\u1ed9ng t\u00e1c vi\u00ean b\u00e1n h\u00e0ng online Tuy\u1ec3n [&hellip;]<\/p>\n","protected":false},"author":1,"featured_media":0,"parent":0,"menu_order":0,"comment_status":"closed","ping_status":"closed","template":"","meta":{"footnotes":""},"class_list":["post-49","page","type-page","status-publish","hentry"],"_links":{"self":[{"href":"https:\/\/landingpage.anista.vn\/index.php?rest_route=\/wp\/v2\/pages\/49","targetHints":{"allow":["GET"]}}],"collection":[{"href":"https:\/\/landingpage.anista.vn\/index.php?rest_route=\/wp\/v2\/pages"}],"about":[{"href":"https:\/\/landingpage.anista.vn\/index.php?rest_route=\/wp\/v2\/types\/page"}],"author":[{"embeddable":true,"href":"https:\/\/landingpage.anista.vn\/index.php?rest_route=\/wp\/v2\/users\/1"}],"replies":[{"embeddable":true,"href":"https:\/\/landingpage.anista.vn\/index.php?rest_route=%2Fwp%2Fv2%2Fcomments&post=49"}],"version-history":[{"count":50,"href":"https:\/\/landingpage.anista.vn\/index.php?rest_route=\/wp\/v2\/pages\/49\/revisions"}],"predecessor-version":[{"id":1982,"href":"https:\/\/landingpage.anista.vn\/index.php?rest_route=\/wp\/v2\/pages\/49\/revisions\/1982"}],"wp:attachment":[{"href":"https:\/\/landingpage.anista.vn\/index.php?rest_route=%2Fwp%2Fv2%2Fmedia&parent=49"}],"curies":[{"name":"wp","href":"https:\/\/api.w.org\/{rel}","templated":true}]}}